{"id":103,"date":"2017-06-17T04:11:08","date_gmt":"2017-06-17T04:11:08","guid":{"rendered":"http:\/\/silverbay.tp-server.gr\/?page_id=103"},"modified":"2025-08-04T14:32:19","modified_gmt":"2025-08-04T11:32:19","slug":"%ce%b4%ce%b9%ce%b1%cf%83%ce%ba%ce%ad%ce%b4%ce%b1%cf%83%ce%b7","status":"publish","type":"page","link":"https:\/\/www.silverbay.gr\/en\/%ce%b4%ce%b9%ce%b1%cf%83%ce%ba%ce%ad%ce%b4%ce%b1%cf%83%ce%b7\/","title":{"rendered":"Entertainment"},"content":{"rendered":"<div class=\"wpb-content-wrapper\"><p>[vc_row][vc_column width=&#8221;1\/3&#8243;][vc_column_text]<\/p>\n<p align=\"justify\"><span style=\"font-size: small;\">All the rooms have, air-condition, telephone, TV, refrigerator, hairdryer, bath or shower, and balcony with the view of Geras Bay, the green garden, the olive trees or the swimming pool.<\/span><\/p>\n<p align=\"justify\"><span style=\"font-size: small;\"><br \/>\nThe communal parts of the reception, the lounge, the restaurant and the bar are air-conditioned capable to house galas and various social meetings for 600 guests.<\/span><\/p>\n<p align=\"justify\"><span style=\"font-size: small;\"><br \/>\nAlso, there&#8217;s a conference room with capacity 200 persons, completely equipped with all the necessary facilities guaranteeing success to the happening.<\/span><\/p>\n<p align=\"justify\"><span style=\"font-size: small;\"><br \/>\nThe hotel is surrounded by an area of 11,000 m2, with green gardens and stone-paved paths.<\/span><\/p>\n<p align=\"justify\"><span style=\"font-size: small;\"><br \/>\nThere we find the pool bar, a ping pong court, while the swimming pool has comfortable areas for sunbathing and there you can enjoy either swimming or a cool drink.<\/span><\/p>\n<p align=\"justify\"><span style=\"font-size: small;\"><br \/>\nAlso, there is a mini-golf yard, tennis\/basketball courts, a game room inside the hotel and for the children a playground, where our little friends can enjoy playing.<\/span><\/p>\n<p align=\"justify\"><span style=\"font-size: small;\"><br \/>\nAt our luxurious restaurant, you can enjoy the Greek and international cuisine and of course traditional dishes.<\/span><\/p>\n<p align=\"justify\"><span style=\"font-size: small;\"><br \/>\nAt the external area of our hotel, beside the swimming pool and the pool bar, you can frequently enjoy galas, various social meetings, and Greek nights.<\/span><\/p>\n<p align=\"justify\"><span style=\"font-size: small;\"><br \/>\nVery soon the hotel will offer thermal baths from the hot spring of &#8220;Therma&#8221; inside the hotel<\/span><\/p>\n<p>[\/vc_column_text][\/vc_column][vc_column width=&#8221;2\/3&#8243;][vc_media_grid element_width=&#8221;3&#8243; css=&#8221;&#8221; grid_id=&#8221;vc_gid:1754307023172-9ae7a80d-d161-9&#8243; include=&#8221;116,117,118,119,120,121,122,123,124,125,126&#8243;][\/vc_column][\/vc_row]<\/p>\n<\/div>","protected":false},"excerpt":{"rendered":"<p>[vc_row][vc_column width=&#8221;1\/3&#8243;][vc_column_text] All the rooms have, air-condition, telephone, TV, refrigerator, hairdryer, bath or shower, and balcony with the view of Geras Bay, the green garden, the olive trees or the swimming pool. The communal parts of the reception, the lounge, the restaurant and the bar are air-conditioned capable to house galas and various social meetings&hellip;<\/p>\n","protected":false},"author":1,"featured_media":0,"parent":0,"menu_order":0,"comment_status":"closed","ping_status":"closed","template":"","meta":{"footnotes":""},"class_list":["post-103","page","type-page","status-publish","hentry","description-off"],"yoast_head":"<!-- This site is optimized with the Yoast SEO plugin v27.4 - https:\/\/yoast.com\/product\/yoast-seo-wordpress\/ -->\n<title>Entertainment - Silver Bay Hotel &amp; Bungalows, Mytilene Lesvos Greece | \u03be\u03b5\u03bd\u03bf\u03b4\u03bf\u03c7\u03b5\u03b9\u03bf \u039c\u03c5\u03c4\u03b9\u03bb\u03b7\u03bd\u03b7 lesvos hotel hotels | Silver Bay Otel ve Bungalov, Midilli Lesvos Yunanistan<\/title>\n<meta name=\"description\" content=\"Lesvos Hotels -Silver Bay Hotel &amp; Bungalows - Holidays and Vacations at Lesvos Aegean Hellas Greece | \u0391\u03c0\u03bf\u03bb\u03b1\u03cd\u03c3\u03c4\u03b5 \u03b4\u03b9\u03b1\u03ba\u03bf\u03c0\u03ad\u03c2 \u03c3\u03c4\u03b7\u03bd \u0395\u03bb\u03bb\u03ac\u03b4\u03b1 \u03c3\u03c4\u03bf \u039e\u03b5\u03bd\u03bf\u03b4\u03bf\u03c7\u03b5\u03af\u03bf Silver Bay \u03c3\u03c4\u03b7 \u039c\u03c5\u03c4\u03b9\u03bb\u03ae\u03bd\u03b7 \u039b\u03ad\u03c3\u03b2\u03bf\u03c2 | Midilli Otel Tatiller de Lesvos Ege Yunanistan Midilli Adas\u0131 Lesvos Adas\u0131 Lesbosi Adas\u0131\" \/>\n<meta name=\"robots\" content=\"index, follow, max-snippet:-1, max-image-preview:large, max-video-preview:-1\" \/>\n<link rel=\"canonical\" href=\"https:\/\/www.silverbay.gr\/en\/\u03b4\u03b9\u03b1\u03c3\u03ba\u03ad\u03b4\u03b1\u03c3\u03b7\/\" \/>\n<meta property=\"og:locale\" content=\"el_GR\" \/>\n<meta property=\"og:type\" content=\"article\" \/>\n<meta property=\"og:title\" content=\"Entertainment - Silver Bay Hotel &amp; Bungalows, Mytilene Lesvos Greece | \u03be\u03b5\u03bd\u03bf\u03b4\u03bf\u03c7\u03b5\u03b9\u03bf \u039c\u03c5\u03c4\u03b9\u03bb\u03b7\u03bd\u03b7 lesvos hotel hotels | Silver Bay Otel ve Bungalov, Midilli Lesvos Yunanistan\" \/>\n<meta property=\"og:description\" content=\"Lesvos Hotels -Silver Bay Hotel &amp; Bungalows - Holidays and Vacations at Lesvos Aegean Hellas Greece | \u0391\u03c0\u03bf\u03bb\u03b1\u03cd\u03c3\u03c4\u03b5 \u03b4\u03b9\u03b1\u03ba\u03bf\u03c0\u03ad\u03c2 \u03c3\u03c4\u03b7\u03bd \u0395\u03bb\u03bb\u03ac\u03b4\u03b1 \u03c3\u03c4\u03bf \u039e\u03b5\u03bd\u03bf\u03b4\u03bf\u03c7\u03b5\u03af\u03bf Silver Bay \u03c3\u03c4\u03b7 \u039c\u03c5\u03c4\u03b9\u03bb\u03ae\u03bd\u03b7 \u039b\u03ad\u03c3\u03b2\u03bf\u03c2 | Midilli Otel Tatiller de Lesvos Ege Yunanistan Midilli Adas\u0131 Lesvos Adas\u0131 Lesbosi Adas\u0131\" \/>\n<meta property=\"og:url\" content=\"https:\/\/www.silverbay.gr\/en\/\u03b4\u03b9\u03b1\u03c3\u03ba\u03ad\u03b4\u03b1\u03c3\u03b7\/\" \/>\n<meta property=\"og:site_name\" content=\"Silver Bay Hotel &amp; Bungalows, Mytilene Lesvos Greece | \u03be\u03b5\u03bd\u03bf\u03b4\u03bf\u03c7\u03b5\u03b9\u03bf \u039c\u03c5\u03c4\u03b9\u03bb\u03b7\u03bd\u03b7 lesvos hotel hotels | Silver Bay Otel ve Bungalov, Midilli Lesvos Yunanistan\" \/>\n<meta property=\"article:modified_time\" content=\"2025-08-04T11:32:19+00:00\" \/>\n<meta name=\"twitter:card\" content=\"summary_large_image\" \/>\n<meta name=\"twitter:label1\" content=\"\u0395\u03ba\u03c4\u03b9\u03bc\u03ce\u03bc\u03b5\u03bd\u03bf\u03c2 \u03c7\u03c1\u03cc\u03bd\u03bf\u03c2 \u03b1\u03bd\u03ac\u03b3\u03bd\u03c9\u03c3\u03b7\u03c2\" \/>\n\t<meta name=\"twitter:data1\" content=\"3 \u03bb\u03b5\u03c0\u03c4\u03ac\" \/>\n<script type=\"application\/ld+json\" class=\"yoast-schema-graph\">{\"@context\":\"https:\\\/\\\/schema.org\",\"@graph\":[{\"@type\":\"WebPage\",\"@id\":\"https:\\\/\\\/www.silverbay.gr\\\/en\\\/%ce%b4%ce%b9%ce%b1%cf%83%ce%ba%ce%ad%ce%b4%ce%b1%cf%83%ce%b7\\\/\",\"url\":\"https:\\\/\\\/www.silverbay.gr\\\/en\\\/%ce%b4%ce%b9%ce%b1%cf%83%ce%ba%ce%ad%ce%b4%ce%b1%cf%83%ce%b7\\\/\",\"name\":\"Entertainment - Silver Bay Hotel &amp; Bungalows, Mytilene Lesvos Greece | \u03be\u03b5\u03bd\u03bf\u03b4\u03bf\u03c7\u03b5\u03b9\u03bf \u039c\u03c5\u03c4\u03b9\u03bb\u03b7\u03bd\u03b7 lesvos hotel hotels | Silver Bay Otel ve Bungalov, Midilli Lesvos Yunanistan\",\"isPartOf\":{\"@id\":\"https:\\\/\\\/www.silverbay.gr\\\/en\\\/#website\"},\"datePublished\":\"2017-06-17T04:11:08+00:00\",\"dateModified\":\"2025-08-04T11:32:19+00:00\",\"description\":\"Lesvos Hotels -Silver Bay Hotel & Bungalows - Holidays and Vacations at Lesvos Aegean Hellas Greece | \u0391\u03c0\u03bf\u03bb\u03b1\u03cd\u03c3\u03c4\u03b5 \u03b4\u03b9\u03b1\u03ba\u03bf\u03c0\u03ad\u03c2 \u03c3\u03c4\u03b7\u03bd \u0395\u03bb\u03bb\u03ac\u03b4\u03b1 \u03c3\u03c4\u03bf \u039e\u03b5\u03bd\u03bf\u03b4\u03bf\u03c7\u03b5\u03af\u03bf Silver Bay \u03c3\u03c4\u03b7 \u039c\u03c5\u03c4\u03b9\u03bb\u03ae\u03bd\u03b7 \u039b\u03ad\u03c3\u03b2\u03bf\u03c2 | Midilli Otel Tatiller de Lesvos Ege Yunanistan Midilli Adas\u0131 Lesvos Adas\u0131 Lesbosi Adas\u0131\",\"breadcrumb\":{\"@id\":\"https:\\\/\\\/www.silverbay.gr\\\/en\\\/%ce%b4%ce%b9%ce%b1%cf%83%ce%ba%ce%ad%ce%b4%ce%b1%cf%83%ce%b7\\\/#breadcrumb\"},\"inLanguage\":\"el\",\"potentialAction\":[{\"@type\":\"ReadAction\",\"target\":[\"https:\\\/\\\/www.silverbay.gr\\\/en\\\/%ce%b4%ce%b9%ce%b1%cf%83%ce%ba%ce%ad%ce%b4%ce%b1%cf%83%ce%b7\\\/\"]}]},{\"@type\":\"BreadcrumbList\",\"@id\":\"https:\\\/\\\/www.silverbay.gr\\\/en\\\/%ce%b4%ce%b9%ce%b1%cf%83%ce%ba%ce%ad%ce%b4%ce%b1%cf%83%ce%b7\\\/#breadcrumb\",\"itemListElement\":[{\"@type\":\"ListItem\",\"position\":1,\"name\":\"Home\",\"item\":\"https:\\\/\\\/www.silverbay.gr\\\/en\\\/\"},{\"@type\":\"ListItem\",\"position\":2,\"name\":\"Entertainment\"}]},{\"@type\":\"WebSite\",\"@id\":\"https:\\\/\\\/www.silverbay.gr\\\/en\\\/#website\",\"url\":\"https:\\\/\\\/www.silverbay.gr\\\/en\\\/\",\"name\":\"Silver Bay Hotel &amp; Bungalows, Mytilene Lesvos Greece | \u03be\u03b5\u03bd\u03bf\u03b4\u03bf\u03c7\u03b5\u03b9\u03bf \u039c\u03c5\u03c4\u03b9\u03bb\u03b7\u03bd\u03b7 lesvos hotel hotels | Silver Bay Otel ve Bungalov, Midilli Lesvos Yunanistan\",\"description\":\"Lesvos Hotels -Silver Bay Hotel &amp; Bungalows - Holidays and Vacations at Lesvos Aegean Hellas Greece | \u0391\u03c0\u03bf\u03bb\u03b1\u03cd\u03c3\u03c4\u03b5 \u03b4\u03b9\u03b1\u03ba\u03bf\u03c0\u03ad\u03c2 \u03c3\u03c4\u03b7\u03bd \u0395\u03bb\u03bb\u03ac\u03b4\u03b1 \u03c3\u03c4\u03bf \u039e\u03b5\u03bd\u03bf\u03b4\u03bf\u03c7\u03b5\u03af\u03bf Silver Bay \u03c3\u03c4\u03b7 \u039c\u03c5\u03c4\u03b9\u03bb\u03ae\u03bd\u03b7 \u039b\u03ad\u03c3\u03b2\u03bf\u03c2 | Midilli Otel Tatiller de Lesvos Ege Yunanistan Midilli Adas\u0131 Lesvos Adas\u0131 Lesbosi Adas\u0131\",\"potentialAction\":[{\"@type\":\"SearchAction\",\"target\":{\"@type\":\"EntryPoint\",\"urlTemplate\":\"https:\\\/\\\/www.silverbay.gr\\\/en\\\/?s={search_term_string}\"},\"query-input\":{\"@type\":\"PropertyValueSpecification\",\"valueRequired\":true,\"valueName\":\"search_term_string\"}}],\"inLanguage\":\"el\"}]}<\/script>\n<!-- \/ Yoast SEO plugin. -->","yoast_head_json":{"title":"Entertainment - Silver Bay Hotel &amp; Bungalows, Mytilene Lesvos Greece | \u03be\u03b5\u03bd\u03bf\u03b4\u03bf\u03c7\u03b5\u03b9\u03bf \u039c\u03c5\u03c4\u03b9\u03bb\u03b7\u03bd\u03b7 lesvos hotel hotels | Silver Bay Otel ve Bungalov, Midilli Lesvos Yunanistan","description":"Lesvos Hotels -Silver Bay Hotel & Bungalows - Holidays and Vacations at Lesvos Aegean Hellas Greece | \u0391\u03c0\u03bf\u03bb\u03b1\u03cd\u03c3\u03c4\u03b5 \u03b4\u03b9\u03b1\u03ba\u03bf\u03c0\u03ad\u03c2 \u03c3\u03c4\u03b7\u03bd \u0395\u03bb\u03bb\u03ac\u03b4\u03b1 \u03c3\u03c4\u03bf \u039e\u03b5\u03bd\u03bf\u03b4\u03bf\u03c7\u03b5\u03af\u03bf Silver Bay \u03c3\u03c4\u03b7 \u039c\u03c5\u03c4\u03b9\u03bb\u03ae\u03bd\u03b7 \u039b\u03ad\u03c3\u03b2\u03bf\u03c2 | Midilli Otel Tatiller de Lesvos Ege Yunanistan Midilli Adas\u0131 Lesvos Adas\u0131 Lesbosi Adas\u0131","robots":{"index":"index","follow":"follow","max-snippet":"max-snippet:-1","max-image-preview":"max-image-preview:large","max-video-preview":"max-video-preview:-1"},"canonical":"https:\/\/www.silverbay.gr\/en\/\u03b4\u03b9\u03b1\u03c3\u03ba\u03ad\u03b4\u03b1\u03c3\u03b7\/","og_locale":"el_GR","og_type":"article","og_title":"Entertainment - Silver Bay Hotel &amp; Bungalows, Mytilene Lesvos Greece | \u03be\u03b5\u03bd\u03bf\u03b4\u03bf\u03c7\u03b5\u03b9\u03bf \u039c\u03c5\u03c4\u03b9\u03bb\u03b7\u03bd\u03b7 lesvos hotel hotels | Silver Bay Otel ve Bungalov, Midilli Lesvos Yunanistan","og_description":"Lesvos Hotels -Silver Bay Hotel & Bungalows - Holidays and Vacations at Lesvos Aegean Hellas Greece | \u0391\u03c0\u03bf\u03bb\u03b1\u03cd\u03c3\u03c4\u03b5 \u03b4\u03b9\u03b1\u03ba\u03bf\u03c0\u03ad\u03c2 \u03c3\u03c4\u03b7\u03bd \u0395\u03bb\u03bb\u03ac\u03b4\u03b1 \u03c3\u03c4\u03bf \u039e\u03b5\u03bd\u03bf\u03b4\u03bf\u03c7\u03b5\u03af\u03bf Silver Bay \u03c3\u03c4\u03b7 \u039c\u03c5\u03c4\u03b9\u03bb\u03ae\u03bd\u03b7 \u039b\u03ad\u03c3\u03b2\u03bf\u03c2 | Midilli Otel Tatiller de Lesvos Ege Yunanistan Midilli Adas\u0131 Lesvos Adas\u0131 Lesbosi Adas\u0131","og_url":"https:\/\/www.silverbay.gr\/en\/\u03b4\u03b9\u03b1\u03c3\u03ba\u03ad\u03b4\u03b1\u03c3\u03b7\/","og_site_name":"Silver Bay Hotel &amp; Bungalows, Mytilene Lesvos Greece | \u03be\u03b5\u03bd\u03bf\u03b4\u03bf\u03c7\u03b5\u03b9\u03bf \u039c\u03c5\u03c4\u03b9\u03bb\u03b7\u03bd\u03b7 lesvos hotel hotels | Silver Bay Otel ve Bungalov, Midilli Lesvos Yunanistan","article_modified_time":"2025-08-04T11:32:19+00:00","twitter_card":"summary_large_image","twitter_misc":{"\u0395\u03ba\u03c4\u03b9\u03bc\u03ce\u03bc\u03b5\u03bd\u03bf\u03c2 \u03c7\u03c1\u03cc\u03bd\u03bf\u03c2 \u03b1\u03bd\u03ac\u03b3\u03bd\u03c9\u03c3\u03b7\u03c2":"3 \u03bb\u03b5\u03c0\u03c4\u03ac"},"schema":{"@context":"https:\/\/schema.org","@graph":[{"@type":"WebPage","@id":"https:\/\/www.silverbay.gr\/en\/%ce%b4%ce%b9%ce%b1%cf%83%ce%ba%ce%ad%ce%b4%ce%b1%cf%83%ce%b7\/","url":"https:\/\/www.silverbay.gr\/en\/%ce%b4%ce%b9%ce%b1%cf%83%ce%ba%ce%ad%ce%b4%ce%b1%cf%83%ce%b7\/","name":"Entertainment - Silver Bay Hotel &amp; Bungalows, Mytilene Lesvos Greece | \u03be\u03b5\u03bd\u03bf\u03b4\u03bf\u03c7\u03b5\u03b9\u03bf \u039c\u03c5\u03c4\u03b9\u03bb\u03b7\u03bd\u03b7 lesvos hotel hotels | Silver Bay Otel ve Bungalov, Midilli Lesvos Yunanistan","isPartOf":{"@id":"https:\/\/www.silverbay.gr\/en\/#website"},"datePublished":"2017-06-17T04:11:08+00:00","dateModified":"2025-08-04T11:32:19+00:00","description":"Lesvos Hotels -Silver Bay Hotel & Bungalows - Holidays and Vacations at Lesvos Aegean Hellas Greece | \u0391\u03c0\u03bf\u03bb\u03b1\u03cd\u03c3\u03c4\u03b5 \u03b4\u03b9\u03b1\u03ba\u03bf\u03c0\u03ad\u03c2 \u03c3\u03c4\u03b7\u03bd \u0395\u03bb\u03bb\u03ac\u03b4\u03b1 \u03c3\u03c4\u03bf \u039e\u03b5\u03bd\u03bf\u03b4\u03bf\u03c7\u03b5\u03af\u03bf Silver Bay \u03c3\u03c4\u03b7 \u039c\u03c5\u03c4\u03b9\u03bb\u03ae\u03bd\u03b7 \u039b\u03ad\u03c3\u03b2\u03bf\u03c2 | Midilli Otel Tatiller de Lesvos Ege Yunanistan Midilli Adas\u0131 Lesvos Adas\u0131 Lesbosi Adas\u0131","breadcrumb":{"@id":"https:\/\/www.silverbay.gr\/en\/%ce%b4%ce%b9%ce%b1%cf%83%ce%ba%ce%ad%ce%b4%ce%b1%cf%83%ce%b7\/#breadcrumb"},"inLanguage":"el","potentialAction":[{"@type":"ReadAction","target":["https:\/\/www.silverbay.gr\/en\/%ce%b4%ce%b9%ce%b1%cf%83%ce%ba%ce%ad%ce%b4%ce%b1%cf%83%ce%b7\/"]}]},{"@type":"BreadcrumbList","@id":"https:\/\/www.silverbay.gr\/en\/%ce%b4%ce%b9%ce%b1%cf%83%ce%ba%ce%ad%ce%b4%ce%b1%cf%83%ce%b7\/#breadcrumb","itemListElement":[{"@type":"ListItem","position":1,"name":"Home","item":"https:\/\/www.silverbay.gr\/en\/"},{"@type":"ListItem","position":2,"name":"Entertainment"}]},{"@type":"WebSite","@id":"https:\/\/www.silverbay.gr\/en\/#website","url":"https:\/\/www.silverbay.gr\/en\/","name":"Silver Bay Hotel &amp; Bungalows, Mytilene Lesvos Greece | \u03be\u03b5\u03bd\u03bf\u03b4\u03bf\u03c7\u03b5\u03b9\u03bf \u039c\u03c5\u03c4\u03b9\u03bb\u03b7\u03bd\u03b7 lesvos hotel hotels | Silver Bay Otel ve Bungalov, Midilli Lesvos Yunanistan","description":"Lesvos Hotels -Silver Bay Hotel &amp; Bungalows - Holidays and Vacations at Lesvos Aegean Hellas Greece | \u0391\u03c0\u03bf\u03bb\u03b1\u03cd\u03c3\u03c4\u03b5 \u03b4\u03b9\u03b1\u03ba\u03bf\u03c0\u03ad\u03c2 \u03c3\u03c4\u03b7\u03bd \u0395\u03bb\u03bb\u03ac\u03b4\u03b1 \u03c3\u03c4\u03bf \u039e\u03b5\u03bd\u03bf\u03b4\u03bf\u03c7\u03b5\u03af\u03bf Silver Bay \u03c3\u03c4\u03b7 \u039c\u03c5\u03c4\u03b9\u03bb\u03ae\u03bd\u03b7 \u039b\u03ad\u03c3\u03b2\u03bf\u03c2 | Midilli Otel Tatiller de Lesvos Ege Yunanistan Midilli Adas\u0131 Lesvos Adas\u0131 Lesbosi Adas\u0131","potentialAction":[{"@type":"SearchAction","target":{"@type":"EntryPoint","urlTemplate":"https:\/\/www.silverbay.gr\/en\/?s={search_term_string}"},"query-input":{"@type":"PropertyValueSpecification","valueRequired":true,"valueName":"search_term_string"}}],"inLanguage":"el"}]}},"_links":{"self":[{"href":"https:\/\/www.silverbay.gr\/en\/wp-json\/wp\/v2\/pages\/103","targetHints":{"allow":["GET"]}}],"collection":[{"href":"https:\/\/www.silverbay.gr\/en\/wp-json\/wp\/v2\/pages"}],"about":[{"href":"https:\/\/www.silverbay.gr\/en\/wp-json\/wp\/v2\/types\/page"}],"author":[{"embeddable":true,"href":"https:\/\/www.silverbay.gr\/en\/wp-json\/wp\/v2\/users\/1"}],"replies":[{"embeddable":true,"href":"https:\/\/www.silverbay.gr\/en\/wp-json\/wp\/v2\/comments?post=103"}],"version-history":[{"count":6,"href":"https:\/\/www.silverbay.gr\/en\/wp-json\/wp\/v2\/pages\/103\/revisions"}],"predecessor-version":[{"id":409,"href":"https:\/\/www.silverbay.gr\/en\/wp-json\/wp\/v2\/pages\/103\/revisions\/409"}],"wp:attachment":[{"href":"https:\/\/www.silverbay.gr\/en\/wp-json\/wp\/v2\/media?parent=103"}],"curies":[{"name":"wp","href":"https:\/\/api.w.org\/{rel}","templated":true}]}}