{"id":266,"date":"2017-06-18T04:17:14","date_gmt":"2017-06-18T04:17:14","guid":{"rendered":"http:\/\/silverbay.tp-server.gr\/?page_id=266"},"modified":"2017-07-04T11:59:58","modified_gmt":"2017-07-04T08:59:58","slug":"%ce%ba%ce%ac%cf%83%cf%84%cf%81%ce%b1-%cf%83%cf%84%ce%b7-%ce%bb%ce%ad%cf%83%ce%b2%ce%bf","status":"publish","type":"page","link":"https:\/\/www.silverbay.gr\/en\/%ce%ba%ce%ac%cf%83%cf%84%cf%81%ce%b1-%cf%83%cf%84%ce%b7-%ce%bb%ce%ad%cf%83%ce%b2%ce%bf\/","title":{"rendered":"Castles in Lesvos"},"content":{"rendered":"<div class=\"wpb-content-wrapper\"><p>[vc_row][vc_column width=&#8221;1\/2&#8243;][vc_column_text]<\/p>\n<p style=\"text-align: justify;\"><span style=\"text-decoration: underline;\"><strong>CASTLE OF MYTILENE<\/strong><\/span><br \/>\nBuilt on the top of a pine-tree hill, near the port of Mytilene, it is one of the largest castles of the Mediterranean.<\/p>\n<p style=\"text-align: justify;\">Its construction began during the Byzantine era (483-565 AD), using ancient building material, and was completed in the years of the Genoese Genoese Hegemony (1355-1462). In 1373 a polypyrgos was built &#8211; with ramparts and trenches &#8211; by the first Gattelusen ruler Francis I &#8216;.<\/p>\n<p style=\"text-align: justify;\">In 1384 a devastating earthquake destroys the castle and then rebuilds. It is then reinforced by defensive works (new battlements, dykes, cannons) until it was occupied by the Turks in 1462.<\/p>\n<p style=\"text-align: justify;\">Even today, the palace of the Gattelouzes, a square stone tower with a built-in slab, is preserved with distinctly embossed figures, depicting the Gattelouz coat of arms and the representations of the Roman duels.<\/p>\n<p style=\"text-align: justify;\">There is also a plaque on the outer gate with the coat of arms of Palaiologos. During the Ottoman domination, additional work was done and a Turkish Teaching School was built, a building that has survived to this day.<\/p>\n<p style=\"text-align: justify;\">Inside the castle, there are underground arcades, which served as a shelter for the city&#8217;s women and children in times of war, as well as a 4,000-kilometer water reservoir. Today it is used as a venue for cultural events during the summer months.<\/p>\n<p>[\/vc_column_text][\/vc_column][vc_column width=&#8221;1\/2&#8243;][vc_media_grid grid_id=&#8221;vc_gid:1499158513232-57109be5-ef71-10&#8243; include=&#8221;270,280,271,274,272,273,277,275,276&#8243;][\/vc_column][\/vc_row][vc_row][vc_column][vc_separator border_width=&#8221;3&#8243;][\/vc_column][\/vc_row][vc_row][vc_column width=&#8221;1\/2&#8243;][vc_column_text]<\/p>\n<p style=\"text-align: justify;\"><span style=\"text-decoration: underline;\"><strong>CASTLE OF MITHIMNA<\/strong><\/span><br \/>\nIt was built during the Byzantine era in the remnants of ancient, walled walls, in order to deal with the invasions of the Franks and Turks, was completed in 1373 by Genoese Francis A &#8216;Gatteluzo and further strengthened by the Turks in 1462.<\/p>\n<p style=\"text-align: justify;\">It is a well-constructed Castle, built in red and brown tracks, with solid walls, with inscriptions, coats of arms and other distinctive elements. The space is divided into many levels, while the main entrance made of thick wood, covered with elaborate metal plates, remains an outstanding monument.<\/p>\n<p style=\"text-align: justify;\">It is located on the top of a pine-covered hill and is considered as one of the best-preserved castles of the Eastern Mediterranean. Today it is used as a venue for cultural events.<\/p>\n<p>[\/vc_column_text][\/vc_column][vc_column width=&#8221;1\/2&#8243;][vc_media_grid grid_id=&#8221;vc_gid:1499158513253-57ed2136-6027-10&#8243; include=&#8221;285,286,287,288,289,290&#8243;][\/vc_column][\/vc_row]<\/p>\n<\/div>","protected":false},"excerpt":{"rendered":"<p>[vc_row][vc_column width=&#8221;1\/2&#8243;][vc_column_text] CASTLE OF MYTILENE Built on the top of a pine-tree hill, near the port of Mytilene, it is one of the largest castles of the Mediterranean. Its construction began during the Byzantine era (483-565 AD), using ancient building material, and was completed in the years of the Genoese Genoese Hegemony (1355-1462). In 1373&hellip;<\/p>\n","protected":false},"author":1,"featured_media":0,"parent":0,"menu_order":0,"comment_status":"closed","ping_status":"closed","template":"","meta":{"footnotes":""},"class_list":["post-266","page","type-page","status-publish","hentry","description-off"],"yoast_head":"<!-- This site is optimized with the Yoast SEO plugin v27.3 - https:\/\/yoast.com\/product\/yoast-seo-wordpress\/ -->\n<title>Castles in Lesvos - Silver Bay Hotel &amp; Bungalows, Mytilene Lesvos Greece | \u03be\u03b5\u03bd\u03bf\u03b4\u03bf\u03c7\u03b5\u03b9\u03bf \u039c\u03c5\u03c4\u03b9\u03bb\u03b7\u03bd\u03b7 lesvos hotel hotels | Silver Bay Otel ve Bungalov, Midilli Lesvos Yunanistan<\/title>\n<meta name=\"description\" content=\"Lesvos Hotels -Silver Bay Hotel &amp; Bungalows - Holidays and Vacations at Lesvos Aegean Hellas Greece | \u0391\u03c0\u03bf\u03bb\u03b1\u03cd\u03c3\u03c4\u03b5 \u03b4\u03b9\u03b1\u03ba\u03bf\u03c0\u03ad\u03c2 \u03c3\u03c4\u03b7\u03bd \u0395\u03bb\u03bb\u03ac\u03b4\u03b1 \u03c3\u03c4\u03bf \u039e\u03b5\u03bd\u03bf\u03b4\u03bf\u03c7\u03b5\u03af\u03bf Silver Bay \u03c3\u03c4\u03b7 \u039c\u03c5\u03c4\u03b9\u03bb\u03ae\u03bd\u03b7 \u039b\u03ad\u03c3\u03b2\u03bf\u03c2 | Midilli Otel Tatiller de Lesvos Ege Yunanistan Midilli Adas\u0131 Lesvos Adas\u0131 Lesbosi Adas\u0131\" \/>\n<meta name=\"robots\" content=\"index, follow, max-snippet:-1, max-image-preview:large, max-video-preview:-1\" \/>\n<link rel=\"canonical\" href=\"https:\/\/www.silverbay.gr\/en\/\u03ba\u03ac\u03c3\u03c4\u03c1\u03b1-\u03c3\u03c4\u03b7-\u03bb\u03ad\u03c3\u03b2\u03bf\/\" \/>\n<meta property=\"og:locale\" content=\"el_GR\" \/>\n<meta property=\"og:type\" content=\"article\" \/>\n<meta property=\"og:title\" content=\"Castles in Lesvos - Silver Bay Hotel &amp; Bungalows, Mytilene Lesvos Greece | \u03be\u03b5\u03bd\u03bf\u03b4\u03bf\u03c7\u03b5\u03b9\u03bf \u039c\u03c5\u03c4\u03b9\u03bb\u03b7\u03bd\u03b7 lesvos hotel hotels | Silver Bay Otel ve Bungalov, Midilli Lesvos Yunanistan\" \/>\n<meta property=\"og:description\" content=\"Lesvos Hotels -Silver Bay Hotel &amp; Bungalows - Holidays and Vacations at Lesvos Aegean Hellas Greece | \u0391\u03c0\u03bf\u03bb\u03b1\u03cd\u03c3\u03c4\u03b5 \u03b4\u03b9\u03b1\u03ba\u03bf\u03c0\u03ad\u03c2 \u03c3\u03c4\u03b7\u03bd \u0395\u03bb\u03bb\u03ac\u03b4\u03b1 \u03c3\u03c4\u03bf \u039e\u03b5\u03bd\u03bf\u03b4\u03bf\u03c7\u03b5\u03af\u03bf Silver Bay \u03c3\u03c4\u03b7 \u039c\u03c5\u03c4\u03b9\u03bb\u03ae\u03bd\u03b7 \u039b\u03ad\u03c3\u03b2\u03bf\u03c2 | Midilli Otel Tatiller de Lesvos Ege Yunanistan Midilli Adas\u0131 Lesvos Adas\u0131 Lesbosi Adas\u0131\" \/>\n<meta property=\"og:url\" content=\"https:\/\/www.silverbay.gr\/en\/\u03ba\u03ac\u03c3\u03c4\u03c1\u03b1-\u03c3\u03c4\u03b7-\u03bb\u03ad\u03c3\u03b2\u03bf\/\" \/>\n<meta property=\"og:site_name\" content=\"Silver Bay Hotel &amp; Bungalows, Mytilene Lesvos Greece | \u03be\u03b5\u03bd\u03bf\u03b4\u03bf\u03c7\u03b5\u03b9\u03bf \u039c\u03c5\u03c4\u03b9\u03bb\u03b7\u03bd\u03b7 lesvos hotel hotels | Silver Bay Otel ve Bungalov, Midilli Lesvos Yunanistan\" \/>\n<meta property=\"article:modified_time\" content=\"2017-07-04T08:59:58+00:00\" \/>\n<meta name=\"twitter:card\" content=\"summary_large_image\" \/>\n<meta name=\"twitter:label1\" content=\"\u0395\u03ba\u03c4\u03b9\u03bc\u03ce\u03bc\u03b5\u03bd\u03bf\u03c2 \u03c7\u03c1\u03cc\u03bd\u03bf\u03c2 \u03b1\u03bd\u03ac\u03b3\u03bd\u03c9\u03c3\u03b7\u03c2\" \/>\n\t<meta name=\"twitter:data1\" content=\"2 \u03bb\u03b5\u03c0\u03c4\u03ac\" \/>\n<script type=\"application\/ld+json\" class=\"yoast-schema-graph\">{\"@context\":\"https:\\\/\\\/schema.org\",\"@graph\":[{\"@type\":\"WebPage\",\"@id\":\"https:\\\/\\\/www.silverbay.gr\\\/en\\\/%ce%ba%ce%ac%cf%83%cf%84%cf%81%ce%b1-%cf%83%cf%84%ce%b7-%ce%bb%ce%ad%cf%83%ce%b2%ce%bf\\\/\",\"url\":\"https:\\\/\\\/www.silverbay.gr\\\/en\\\/%ce%ba%ce%ac%cf%83%cf%84%cf%81%ce%b1-%cf%83%cf%84%ce%b7-%ce%bb%ce%ad%cf%83%ce%b2%ce%bf\\\/\",\"name\":\"Castles in Lesvos - Silver Bay Hotel &amp; Bungalows, Mytilene Lesvos Greece | \u03be\u03b5\u03bd\u03bf\u03b4\u03bf\u03c7\u03b5\u03b9\u03bf \u039c\u03c5\u03c4\u03b9\u03bb\u03b7\u03bd\u03b7 lesvos hotel hotels | Silver Bay Otel ve Bungalov, Midilli Lesvos Yunanistan\",\"isPartOf\":{\"@id\":\"https:\\\/\\\/www.silverbay.gr\\\/en\\\/#website\"},\"datePublished\":\"2017-06-18T04:17:14+00:00\",\"dateModified\":\"2017-07-04T08:59:58+00:00\",\"description\":\"Lesvos Hotels -Silver Bay Hotel & Bungalows - Holidays and Vacations at Lesvos Aegean Hellas Greece | \u0391\u03c0\u03bf\u03bb\u03b1\u03cd\u03c3\u03c4\u03b5 \u03b4\u03b9\u03b1\u03ba\u03bf\u03c0\u03ad\u03c2 \u03c3\u03c4\u03b7\u03bd \u0395\u03bb\u03bb\u03ac\u03b4\u03b1 \u03c3\u03c4\u03bf \u039e\u03b5\u03bd\u03bf\u03b4\u03bf\u03c7\u03b5\u03af\u03bf Silver Bay \u03c3\u03c4\u03b7 \u039c\u03c5\u03c4\u03b9\u03bb\u03ae\u03bd\u03b7 \u039b\u03ad\u03c3\u03b2\u03bf\u03c2 | Midilli Otel Tatiller de Lesvos Ege Yunanistan Midilli Adas\u0131 Lesvos Adas\u0131 Lesbosi Adas\u0131\",\"breadcrumb\":{\"@id\":\"https:\\\/\\\/www.silverbay.gr\\\/en\\\/%ce%ba%ce%ac%cf%83%cf%84%cf%81%ce%b1-%cf%83%cf%84%ce%b7-%ce%bb%ce%ad%cf%83%ce%b2%ce%bf\\\/#breadcrumb\"},\"inLanguage\":\"el\",\"potentialAction\":[{\"@type\":\"ReadAction\",\"target\":[\"https:\\\/\\\/www.silverbay.gr\\\/en\\\/%ce%ba%ce%ac%cf%83%cf%84%cf%81%ce%b1-%cf%83%cf%84%ce%b7-%ce%bb%ce%ad%cf%83%ce%b2%ce%bf\\\/\"]}]},{\"@type\":\"BreadcrumbList\",\"@id\":\"https:\\\/\\\/www.silverbay.gr\\\/en\\\/%ce%ba%ce%ac%cf%83%cf%84%cf%81%ce%b1-%cf%83%cf%84%ce%b7-%ce%bb%ce%ad%cf%83%ce%b2%ce%bf\\\/#breadcrumb\",\"itemListElement\":[{\"@type\":\"ListItem\",\"position\":1,\"name\":\"Home\",\"item\":\"https:\\\/\\\/www.silverbay.gr\\\/en\\\/\"},{\"@type\":\"ListItem\",\"position\":2,\"name\":\"Castles in Lesvos\"}]},{\"@type\":\"WebSite\",\"@id\":\"https:\\\/\\\/www.silverbay.gr\\\/en\\\/#website\",\"url\":\"https:\\\/\\\/www.silverbay.gr\\\/en\\\/\",\"name\":\"Silver Bay Hotel &amp; Bungalows, Mytilene Lesvos Greece | \u03be\u03b5\u03bd\u03bf\u03b4\u03bf\u03c7\u03b5\u03b9\u03bf \u039c\u03c5\u03c4\u03b9\u03bb\u03b7\u03bd\u03b7 lesvos hotel hotels | Silver Bay Otel ve Bungalov, Midilli Lesvos Yunanistan\",\"description\":\"Lesvos Hotels -Silver Bay Hotel &amp; Bungalows - Holidays and Vacations at Lesvos Aegean Hellas Greece | \u0391\u03c0\u03bf\u03bb\u03b1\u03cd\u03c3\u03c4\u03b5 \u03b4\u03b9\u03b1\u03ba\u03bf\u03c0\u03ad\u03c2 \u03c3\u03c4\u03b7\u03bd \u0395\u03bb\u03bb\u03ac\u03b4\u03b1 \u03c3\u03c4\u03bf \u039e\u03b5\u03bd\u03bf\u03b4\u03bf\u03c7\u03b5\u03af\u03bf Silver Bay \u03c3\u03c4\u03b7 \u039c\u03c5\u03c4\u03b9\u03bb\u03ae\u03bd\u03b7 \u039b\u03ad\u03c3\u03b2\u03bf\u03c2 | Midilli Otel Tatiller de Lesvos Ege Yunanistan Midilli Adas\u0131 Lesvos Adas\u0131 Lesbosi Adas\u0131\",\"potentialAction\":[{\"@type\":\"SearchAction\",\"target\":{\"@type\":\"EntryPoint\",\"urlTemplate\":\"https:\\\/\\\/www.silverbay.gr\\\/en\\\/?s={search_term_string}\"},\"query-input\":{\"@type\":\"PropertyValueSpecification\",\"valueRequired\":true,\"valueName\":\"search_term_string\"}}],\"inLanguage\":\"el\"}]}<\/script>\n<!-- \/ Yoast SEO plugin. -->","yoast_head_json":{"title":"Castles in Lesvos - Silver Bay Hotel &amp; Bungalows, Mytilene Lesvos Greece | \u03be\u03b5\u03bd\u03bf\u03b4\u03bf\u03c7\u03b5\u03b9\u03bf \u039c\u03c5\u03c4\u03b9\u03bb\u03b7\u03bd\u03b7 lesvos hotel hotels | Silver Bay Otel ve Bungalov, Midilli Lesvos Yunanistan","description":"Lesvos Hotels -Silver Bay Hotel & Bungalows - Holidays and Vacations at Lesvos Aegean Hellas Greece | \u0391\u03c0\u03bf\u03bb\u03b1\u03cd\u03c3\u03c4\u03b5 \u03b4\u03b9\u03b1\u03ba\u03bf\u03c0\u03ad\u03c2 \u03c3\u03c4\u03b7\u03bd \u0395\u03bb\u03bb\u03ac\u03b4\u03b1 \u03c3\u03c4\u03bf \u039e\u03b5\u03bd\u03bf\u03b4\u03bf\u03c7\u03b5\u03af\u03bf Silver Bay \u03c3\u03c4\u03b7 \u039c\u03c5\u03c4\u03b9\u03bb\u03ae\u03bd\u03b7 \u039b\u03ad\u03c3\u03b2\u03bf\u03c2 | Midilli Otel Tatiller de Lesvos Ege Yunanistan Midilli Adas\u0131 Lesvos Adas\u0131 Lesbosi Adas\u0131","robots":{"index":"index","follow":"follow","max-snippet":"max-snippet:-1","max-image-preview":"max-image-preview:large","max-video-preview":"max-video-preview:-1"},"canonical":"https:\/\/www.silverbay.gr\/en\/\u03ba\u03ac\u03c3\u03c4\u03c1\u03b1-\u03c3\u03c4\u03b7-\u03bb\u03ad\u03c3\u03b2\u03bf\/","og_locale":"el_GR","og_type":"article","og_title":"Castles in Lesvos - Silver Bay Hotel &amp; Bungalows, Mytilene Lesvos Greece | \u03be\u03b5\u03bd\u03bf\u03b4\u03bf\u03c7\u03b5\u03b9\u03bf \u039c\u03c5\u03c4\u03b9\u03bb\u03b7\u03bd\u03b7 lesvos hotel hotels | Silver Bay Otel ve Bungalov, Midilli Lesvos Yunanistan","og_description":"Lesvos Hotels -Silver Bay Hotel & Bungalows - Holidays and Vacations at Lesvos Aegean Hellas Greece | \u0391\u03c0\u03bf\u03bb\u03b1\u03cd\u03c3\u03c4\u03b5 \u03b4\u03b9\u03b1\u03ba\u03bf\u03c0\u03ad\u03c2 \u03c3\u03c4\u03b7\u03bd \u0395\u03bb\u03bb\u03ac\u03b4\u03b1 \u03c3\u03c4\u03bf \u039e\u03b5\u03bd\u03bf\u03b4\u03bf\u03c7\u03b5\u03af\u03bf Silver Bay \u03c3\u03c4\u03b7 \u039c\u03c5\u03c4\u03b9\u03bb\u03ae\u03bd\u03b7 \u039b\u03ad\u03c3\u03b2\u03bf\u03c2 | Midilli Otel Tatiller de Lesvos Ege Yunanistan Midilli Adas\u0131 Lesvos Adas\u0131 Lesbosi Adas\u0131","og_url":"https:\/\/www.silverbay.gr\/en\/\u03ba\u03ac\u03c3\u03c4\u03c1\u03b1-\u03c3\u03c4\u03b7-\u03bb\u03ad\u03c3\u03b2\u03bf\/","og_site_name":"Silver Bay Hotel &amp; Bungalows, Mytilene Lesvos Greece | \u03be\u03b5\u03bd\u03bf\u03b4\u03bf\u03c7\u03b5\u03b9\u03bf \u039c\u03c5\u03c4\u03b9\u03bb\u03b7\u03bd\u03b7 lesvos hotel hotels | Silver Bay Otel ve Bungalov, Midilli Lesvos Yunanistan","article_modified_time":"2017-07-04T08:59:58+00:00","twitter_card":"summary_large_image","twitter_misc":{"\u0395\u03ba\u03c4\u03b9\u03bc\u03ce\u03bc\u03b5\u03bd\u03bf\u03c2 \u03c7\u03c1\u03cc\u03bd\u03bf\u03c2 \u03b1\u03bd\u03ac\u03b3\u03bd\u03c9\u03c3\u03b7\u03c2":"2 \u03bb\u03b5\u03c0\u03c4\u03ac"},"schema":{"@context":"https:\/\/schema.org","@graph":[{"@type":"WebPage","@id":"https:\/\/www.silverbay.gr\/en\/%ce%ba%ce%ac%cf%83%cf%84%cf%81%ce%b1-%cf%83%cf%84%ce%b7-%ce%bb%ce%ad%cf%83%ce%b2%ce%bf\/","url":"https:\/\/www.silverbay.gr\/en\/%ce%ba%ce%ac%cf%83%cf%84%cf%81%ce%b1-%cf%83%cf%84%ce%b7-%ce%bb%ce%ad%cf%83%ce%b2%ce%bf\/","name":"Castles in Lesvos - Silver Bay Hotel &amp; Bungalows, Mytilene Lesvos Greece | \u03be\u03b5\u03bd\u03bf\u03b4\u03bf\u03c7\u03b5\u03b9\u03bf \u039c\u03c5\u03c4\u03b9\u03bb\u03b7\u03bd\u03b7 lesvos hotel hotels | Silver Bay Otel ve Bungalov, Midilli Lesvos Yunanistan","isPartOf":{"@id":"https:\/\/www.silverbay.gr\/en\/#website"},"datePublished":"2017-06-18T04:17:14+00:00","dateModified":"2017-07-04T08:59:58+00:00","description":"Lesvos Hotels -Silver Bay Hotel & Bungalows - Holidays and Vacations at Lesvos Aegean Hellas Greece | \u0391\u03c0\u03bf\u03bb\u03b1\u03cd\u03c3\u03c4\u03b5 \u03b4\u03b9\u03b1\u03ba\u03bf\u03c0\u03ad\u03c2 \u03c3\u03c4\u03b7\u03bd \u0395\u03bb\u03bb\u03ac\u03b4\u03b1 \u03c3\u03c4\u03bf \u039e\u03b5\u03bd\u03bf\u03b4\u03bf\u03c7\u03b5\u03af\u03bf Silver Bay \u03c3\u03c4\u03b7 \u039c\u03c5\u03c4\u03b9\u03bb\u03ae\u03bd\u03b7 \u039b\u03ad\u03c3\u03b2\u03bf\u03c2 | Midilli Otel Tatiller de Lesvos Ege Yunanistan Midilli Adas\u0131 Lesvos Adas\u0131 Lesbosi Adas\u0131","breadcrumb":{"@id":"https:\/\/www.silverbay.gr\/en\/%ce%ba%ce%ac%cf%83%cf%84%cf%81%ce%b1-%cf%83%cf%84%ce%b7-%ce%bb%ce%ad%cf%83%ce%b2%ce%bf\/#breadcrumb"},"inLanguage":"el","potentialAction":[{"@type":"ReadAction","target":["https:\/\/www.silverbay.gr\/en\/%ce%ba%ce%ac%cf%83%cf%84%cf%81%ce%b1-%cf%83%cf%84%ce%b7-%ce%bb%ce%ad%cf%83%ce%b2%ce%bf\/"]}]},{"@type":"BreadcrumbList","@id":"https:\/\/www.silverbay.gr\/en\/%ce%ba%ce%ac%cf%83%cf%84%cf%81%ce%b1-%cf%83%cf%84%ce%b7-%ce%bb%ce%ad%cf%83%ce%b2%ce%bf\/#breadcrumb","itemListElement":[{"@type":"ListItem","position":1,"name":"Home","item":"https:\/\/www.silverbay.gr\/en\/"},{"@type":"ListItem","position":2,"name":"Castles in Lesvos"}]},{"@type":"WebSite","@id":"https:\/\/www.silverbay.gr\/en\/#website","url":"https:\/\/www.silverbay.gr\/en\/","name":"Silver Bay Hotel &amp; Bungalows, Mytilene Lesvos Greece | \u03be\u03b5\u03bd\u03bf\u03b4\u03bf\u03c7\u03b5\u03b9\u03bf \u039c\u03c5\u03c4\u03b9\u03bb\u03b7\u03bd\u03b7 lesvos hotel hotels | Silver Bay Otel ve Bungalov, Midilli Lesvos Yunanistan","description":"Lesvos Hotels -Silver Bay Hotel &amp; Bungalows - Holidays and Vacations at Lesvos Aegean Hellas Greece | \u0391\u03c0\u03bf\u03bb\u03b1\u03cd\u03c3\u03c4\u03b5 \u03b4\u03b9\u03b1\u03ba\u03bf\u03c0\u03ad\u03c2 \u03c3\u03c4\u03b7\u03bd \u0395\u03bb\u03bb\u03ac\u03b4\u03b1 \u03c3\u03c4\u03bf \u039e\u03b5\u03bd\u03bf\u03b4\u03bf\u03c7\u03b5\u03af\u03bf Silver Bay \u03c3\u03c4\u03b7 \u039c\u03c5\u03c4\u03b9\u03bb\u03ae\u03bd\u03b7 \u039b\u03ad\u03c3\u03b2\u03bf\u03c2 | Midilli Otel Tatiller de Lesvos Ege Yunanistan Midilli Adas\u0131 Lesvos Adas\u0131 Lesbosi Adas\u0131","potentialAction":[{"@type":"SearchAction","target":{"@type":"EntryPoint","urlTemplate":"https:\/\/www.silverbay.gr\/en\/?s={search_term_string}"},"query-input":{"@type":"PropertyValueSpecification","valueRequired":true,"valueName":"search_term_string"}}],"inLanguage":"el"}]}},"_links":{"self":[{"href":"https:\/\/www.silverbay.gr\/en\/wp-json\/wp\/v2\/pages\/266","targetHints":{"allow":["GET"]}}],"collection":[{"href":"https:\/\/www.silverbay.gr\/en\/wp-json\/wp\/v2\/pages"}],"about":[{"href":"https:\/\/www.silverbay.gr\/en\/wp-json\/wp\/v2\/types\/page"}],"author":[{"embeddable":true,"href":"https:\/\/www.silverbay.gr\/en\/wp-json\/wp\/v2\/users\/1"}],"replies":[{"embeddable":true,"href":"https:\/\/www.silverbay.gr\/en\/wp-json\/wp\/v2\/comments?post=266"}],"version-history":[{"count":8,"href":"https:\/\/www.silverbay.gr\/en\/wp-json\/wp\/v2\/pages\/266\/revisions"}],"predecessor-version":[{"id":329,"href":"https:\/\/www.silverbay.gr\/en\/wp-json\/wp\/v2\/pages\/266\/revisions\/329"}],"wp:attachment":[{"href":"https:\/\/www.silverbay.gr\/en\/wp-json\/wp\/v2\/media?parent=266"}],"curies":[{"name":"wp","href":"https:\/\/api.w.org\/{rel}","templated":true}]}}