{"id":292,"date":"2017-06-18T07:52:25","date_gmt":"2017-06-18T07:52:25","guid":{"rendered":"http:\/\/silverbay.tp-server.gr\/?page_id=292"},"modified":"2024-05-20T12:41:02","modified_gmt":"2024-05-20T09:41:02","slug":"%ce%b5%cf%80%ce%b9%ce%ba%ce%bf%ce%b9%ce%bd%cf%89%ce%bd%ce%af%ce%b1","status":"publish","type":"page","link":"https:\/\/www.silverbay.gr\/en\/%ce%b5%cf%80%ce%b9%ce%ba%ce%bf%ce%b9%ce%bd%cf%89%ce%bd%ce%af%ce%b1\/","title":{"rendered":"Contact"},"content":{"rendered":"<div class=\"wpb-content-wrapper\"><p>[vc_row][vc_column width=&#8221;2\/3&#8243;][vc_column_text css=&#8221;&#8221;]<div class=\"everest-forms\"><div class=\"evf-container default\" id=\"evf-344\"><form id=\"evf-form-344\" class=\"everest-form\" data-formid=\"344\" data-ajax_submission=\"0\" data-keyboard_friendly_form=\"0\" data-form_state_type=\"\" method=\"post\" enctype=\"multipart\/form-data\" action=\"\/en\/wp-json\/wp\/v2\/pages\/292\"><div class=\"evf-field-container\"><input type=\"hidden\" id=\"_wpnonce344\" name=\"_wpnonce344\" value=\"ee4dc744a0\" \/><input type=\"hidden\" name=\"_wp_http_referer\" value=\"\/en\/wp-json\/wp\/v2\/pages\/292\" \/><div class=\"evf-frontend-row\" data-row=\"row_1\" conditional_rules=\"[]\"><div class=\"evf-frontend-grid evf-grid-1\" data-grid=\"grid_1\"><div id=\"evf-344-field_fullname-container\" class=\"evf-field evf-field-text form-row validate-required\" data-required-field-message=\"This field is required.\" data-field-id=\"fullname\"><label class=\"evf-field-label\" for=\"evf-344-field_fullname\"><span class=\"evf-label\">Name<\/span> <abbr class=\"required\" title=\"Required\">*<\/abbr><\/label><input type=\"text\" id=\"evf-344-field_fullname\" class=\"input-text\" name=\"everest_forms[form_fields][fullname]\" required><\/div><div id=\"evf-344-field_email-container\" class=\"evf-field evf-field-email form-row validate-required validate-email\" data-required-field-message=\"Please enter a valid email address.\" data-field-id=\"email\"><label class=\"evf-field-label\" for=\"evf-344-field_email\"><span class=\"evf-label\">Email<\/span> <abbr class=\"required\" title=\"Required\">*<\/abbr><\/label><input type=\"email\" id=\"evf-344-field_email\" class=\"input-text\" name=\"everest_forms[form_fields][email]\" required ><\/div><div id=\"evf-344-field_subject-container\" class=\"evf-field evf-field-text form-row validate-required\" data-required-field-message=\"This field is required.\" data-field-id=\"subject\"><label class=\"evf-field-label\" for=\"evf-344-field_subject\"><span class=\"evf-label\">Subject<\/span> <abbr class=\"required\" title=\"Required\">*<\/abbr><\/label><input type=\"text\" id=\"evf-344-field_subject\" class=\"input-text\" name=\"everest_forms[form_fields][subject]\" required><\/div><div id=\"evf-344-field_message-container\" class=\"evf-field evf-field-textarea form-row\" data-field-id=\"message\"><label class=\"evf-field-label\" for=\"evf-344-field_message\"><span class=\"evf-label\">Message<\/span> <\/label><textarea id=\"evf-344-field_message\" class=\"input-text\" name=\"everest_forms[form_fields][message]\"  ><\/textarea><\/div><\/div><\/div><\/div><div class=\"evf-honeypot-container evf-field-hp\"><label for=\"evf-344-field-hp\" class=\"evf-field-label\">Website<\/label><input type=\"text\" name=\"everest_forms[hp]\" id=\"evf-344-field-hp\" class=\"input-text\"><\/div><div class=\"evf-recaptcha-container \" style=\"display:block\"><div class=\"g-recaptcha\" data-sitekey=\"6LfxaOIpAAAAAJPcjingcFYbO6rPJ1GnCweExAYz\"><\/div><\/div><div class=\"evf-submit-container \" ><input type=\"hidden\" name=\"everest_forms[id]\" value=\"344\"><input type=\"hidden\" name=\"everest_forms[author]\" value=\"1\"><button type='submit' name='everest_forms[submit]' class='everest-forms-submit-button button evf-submit ' id='evf-submit-344' value='evf-submit' data-process-text=\"Processing\u2026\" conditional_rules='&quot;&quot;' conditional_id='evf-submit-344'  id=\"evf-submit-344\" aria-live=\"assertive\">Submit<\/button><\/div><\/form><\/div><!-- .evf-container --><\/div>[\/vc_column_text][\/vc_column][vc_column width=&#8221;1\/3&#8243;][vc_column_text]<\/p>\n<p align=\"center\"><img loading=\"lazy\" decoding=\"async\" src=\"http:\/\/silverbay.tp-server.gr\/en\/wp-content\/uploads\/2017\/06\/logo-btm.png\" width=\"257\" height=\"57\" border=\"0\" \/><\/p>\n<p align=\"center\">5\u03bf \u03a7\u03b9\u03bb. Mytilene &#8211; Kaloni<br \/>\n811 00, Mytilene, Lesvos<\/p>\n<p>&nbsp;<\/p>\n<p align=\"center\"><span style=\"font-size: 15pt; font-weight: bold;\">(+30) 2251042410<br \/>\n(+30) 2251046638<br \/>\n<\/span><br \/>\n<b>FAX: (+30) 2251042860<br \/>\n<\/b><br \/>\nE-mail: <a href=\"mailto:info@silverbay.gr\">info@silverbay.gr<\/a><\/p>\n<p>[\/vc_column_text][\/vc_column][\/vc_row]<\/p>\n<\/div>","protected":false},"excerpt":{"rendered":"<p>[vc_row][vc_column width=&#8221;2\/3&#8243;][vc_column_text css=&#8221;&#8221;][\/vc_column_text][\/vc_column][vc_column width=&#8221;1\/3&#8243;][vc_column_text] 5\u03bf \u03a7\u03b9\u03bb. Mytilene &#8211; Kaloni 811 00, Mytilene, Lesvos &nbsp; (+30) 2251042410 (+30) 2251046638 FAX: (+30) 2251042860 E-mail: info@silverbay.gr [\/vc_column_text][\/vc_column][\/vc_row]<\/p>\n","protected":false},"author":1,"featured_media":0,"parent":0,"menu_order":0,"comment_status":"closed","ping_status":"closed","template":"","meta":{"footnotes":""},"class_list":["post-292","page","type-page","status-publish","hentry","description-off"],"yoast_head":"<!-- This site is optimized with the Yoast SEO plugin v27.4 - https:\/\/yoast.com\/product\/yoast-seo-wordpress\/ -->\n<title>Contact - Silver Bay Hotel &amp; Bungalows, Mytilene Lesvos Greece | \u03be\u03b5\u03bd\u03bf\u03b4\u03bf\u03c7\u03b5\u03b9\u03bf \u039c\u03c5\u03c4\u03b9\u03bb\u03b7\u03bd\u03b7 lesvos hotel hotels | Silver Bay Otel ve Bungalov, Midilli Lesvos Yunanistan<\/title>\n<meta name=\"description\" content=\"Lesvos Hotels -Silver Bay Hotel &amp; Bungalows - Holidays and Vacations at Lesvos Aegean Hellas Greece | \u0391\u03c0\u03bf\u03bb\u03b1\u03cd\u03c3\u03c4\u03b5 \u03b4\u03b9\u03b1\u03ba\u03bf\u03c0\u03ad\u03c2 \u03c3\u03c4\u03b7\u03bd \u0395\u03bb\u03bb\u03ac\u03b4\u03b1 \u03c3\u03c4\u03bf \u039e\u03b5\u03bd\u03bf\u03b4\u03bf\u03c7\u03b5\u03af\u03bf Silver Bay \u03c3\u03c4\u03b7 \u039c\u03c5\u03c4\u03b9\u03bb\u03ae\u03bd\u03b7 \u039b\u03ad\u03c3\u03b2\u03bf\u03c2 | Midilli Otel Tatiller de Lesvos Ege Yunanistan Midilli Adas\u0131 Lesvos Adas\u0131 Lesbosi Adas\u0131\" \/>\n<meta name=\"robots\" content=\"index, follow, max-snippet:-1, max-image-preview:large, max-video-preview:-1\" \/>\n<link rel=\"canonical\" href=\"https:\/\/www.silverbay.gr\/en\/\u03b5\u03c0\u03b9\u03ba\u03bf\u03b9\u03bd\u03c9\u03bd\u03af\u03b1\/\" \/>\n<meta property=\"og:locale\" content=\"el_GR\" \/>\n<meta property=\"og:type\" content=\"article\" \/>\n<meta property=\"og:title\" content=\"Contact - Silver Bay Hotel &amp; Bungalows, Mytilene Lesvos Greece | \u03be\u03b5\u03bd\u03bf\u03b4\u03bf\u03c7\u03b5\u03b9\u03bf \u039c\u03c5\u03c4\u03b9\u03bb\u03b7\u03bd\u03b7 lesvos hotel hotels | Silver Bay Otel ve Bungalov, Midilli Lesvos Yunanistan\" \/>\n<meta property=\"og:description\" content=\"Lesvos Hotels -Silver Bay Hotel &amp; Bungalows - Holidays and Vacations at Lesvos Aegean Hellas Greece | \u0391\u03c0\u03bf\u03bb\u03b1\u03cd\u03c3\u03c4\u03b5 \u03b4\u03b9\u03b1\u03ba\u03bf\u03c0\u03ad\u03c2 \u03c3\u03c4\u03b7\u03bd \u0395\u03bb\u03bb\u03ac\u03b4\u03b1 \u03c3\u03c4\u03bf \u039e\u03b5\u03bd\u03bf\u03b4\u03bf\u03c7\u03b5\u03af\u03bf Silver Bay \u03c3\u03c4\u03b7 \u039c\u03c5\u03c4\u03b9\u03bb\u03ae\u03bd\u03b7 \u039b\u03ad\u03c3\u03b2\u03bf\u03c2 | Midilli Otel Tatiller de Lesvos Ege Yunanistan Midilli Adas\u0131 Lesvos Adas\u0131 Lesbosi Adas\u0131\" \/>\n<meta property=\"og:url\" content=\"https:\/\/www.silverbay.gr\/en\/\u03b5\u03c0\u03b9\u03ba\u03bf\u03b9\u03bd\u03c9\u03bd\u03af\u03b1\/\" \/>\n<meta property=\"og:site_name\" content=\"Silver Bay Hotel &amp; Bungalows, Mytilene Lesvos Greece | \u03be\u03b5\u03bd\u03bf\u03b4\u03bf\u03c7\u03b5\u03b9\u03bf \u039c\u03c5\u03c4\u03b9\u03bb\u03b7\u03bd\u03b7 lesvos hotel hotels | Silver Bay Otel ve Bungalov, Midilli Lesvos Yunanistan\" \/>\n<meta property=\"article:modified_time\" content=\"2024-05-20T09:41:02+00:00\" \/>\n<meta property=\"og:image\" content=\"http:\/\/silverbay.tp-server.gr\/en\/wp-content\/uploads\/2017\/06\/logo-btm.png\" \/>\n<meta name=\"twitter:card\" content=\"summary_large_image\" \/>\n<meta name=\"twitter:label1\" content=\"\u0395\u03ba\u03c4\u03b9\u03bc\u03ce\u03bc\u03b5\u03bd\u03bf\u03c2 \u03c7\u03c1\u03cc\u03bd\u03bf\u03c2 \u03b1\u03bd\u03ac\u03b3\u03bd\u03c9\u03c3\u03b7\u03c2\" \/>\n\t<meta name=\"twitter:data1\" content=\"1 \u03bb\u03b5\u03c0\u03c4\u03cc\" \/>\n<script type=\"application\/ld+json\" class=\"yoast-schema-graph\">{\"@context\":\"https:\\\/\\\/schema.org\",\"@graph\":[{\"@type\":\"WebPage\",\"@id\":\"https:\\\/\\\/www.silverbay.gr\\\/en\\\/%ce%b5%cf%80%ce%b9%ce%ba%ce%bf%ce%b9%ce%bd%cf%89%ce%bd%ce%af%ce%b1\\\/\",\"url\":\"https:\\\/\\\/www.silverbay.gr\\\/en\\\/%ce%b5%cf%80%ce%b9%ce%ba%ce%bf%ce%b9%ce%bd%cf%89%ce%bd%ce%af%ce%b1\\\/\",\"name\":\"Contact - Silver Bay Hotel &amp; Bungalows, Mytilene Lesvos Greece | \u03be\u03b5\u03bd\u03bf\u03b4\u03bf\u03c7\u03b5\u03b9\u03bf \u039c\u03c5\u03c4\u03b9\u03bb\u03b7\u03bd\u03b7 lesvos hotel hotels | Silver Bay Otel ve Bungalov, Midilli Lesvos Yunanistan\",\"isPartOf\":{\"@id\":\"https:\\\/\\\/www.silverbay.gr\\\/en\\\/#website\"},\"primaryImageOfPage\":{\"@id\":\"https:\\\/\\\/www.silverbay.gr\\\/en\\\/%ce%b5%cf%80%ce%b9%ce%ba%ce%bf%ce%b9%ce%bd%cf%89%ce%bd%ce%af%ce%b1\\\/#primaryimage\"},\"image\":{\"@id\":\"https:\\\/\\\/www.silverbay.gr\\\/en\\\/%ce%b5%cf%80%ce%b9%ce%ba%ce%bf%ce%b9%ce%bd%cf%89%ce%bd%ce%af%ce%b1\\\/#primaryimage\"},\"thumbnailUrl\":\"http:\\\/\\\/silverbay.tp-server.gr\\\/en\\\/wp-content\\\/uploads\\\/2017\\\/06\\\/logo-btm.png\",\"datePublished\":\"2017-06-18T07:52:25+00:00\",\"dateModified\":\"2024-05-20T09:41:02+00:00\",\"description\":\"Lesvos Hotels -Silver Bay Hotel & Bungalows - Holidays and Vacations at Lesvos Aegean Hellas Greece | \u0391\u03c0\u03bf\u03bb\u03b1\u03cd\u03c3\u03c4\u03b5 \u03b4\u03b9\u03b1\u03ba\u03bf\u03c0\u03ad\u03c2 \u03c3\u03c4\u03b7\u03bd \u0395\u03bb\u03bb\u03ac\u03b4\u03b1 \u03c3\u03c4\u03bf \u039e\u03b5\u03bd\u03bf\u03b4\u03bf\u03c7\u03b5\u03af\u03bf Silver Bay \u03c3\u03c4\u03b7 \u039c\u03c5\u03c4\u03b9\u03bb\u03ae\u03bd\u03b7 \u039b\u03ad\u03c3\u03b2\u03bf\u03c2 | Midilli Otel Tatiller de Lesvos Ege Yunanistan Midilli Adas\u0131 Lesvos Adas\u0131 Lesbosi Adas\u0131\",\"breadcrumb\":{\"@id\":\"https:\\\/\\\/www.silverbay.gr\\\/en\\\/%ce%b5%cf%80%ce%b9%ce%ba%ce%bf%ce%b9%ce%bd%cf%89%ce%bd%ce%af%ce%b1\\\/#breadcrumb\"},\"inLanguage\":\"el\",\"potentialAction\":[{\"@type\":\"ReadAction\",\"target\":[\"https:\\\/\\\/www.silverbay.gr\\\/en\\\/%ce%b5%cf%80%ce%b9%ce%ba%ce%bf%ce%b9%ce%bd%cf%89%ce%bd%ce%af%ce%b1\\\/\"]}]},{\"@type\":\"ImageObject\",\"inLanguage\":\"el\",\"@id\":\"https:\\\/\\\/www.silverbay.gr\\\/en\\\/%ce%b5%cf%80%ce%b9%ce%ba%ce%bf%ce%b9%ce%bd%cf%89%ce%bd%ce%af%ce%b1\\\/#primaryimage\",\"url\":\"http:\\\/\\\/silverbay.tp-server.gr\\\/en\\\/wp-content\\\/uploads\\\/2017\\\/06\\\/logo-btm.png\",\"contentUrl\":\"http:\\\/\\\/silverbay.tp-server.gr\\\/en\\\/wp-content\\\/uploads\\\/2017\\\/06\\\/logo-btm.png\"},{\"@type\":\"BreadcrumbList\",\"@id\":\"https:\\\/\\\/www.silverbay.gr\\\/en\\\/%ce%b5%cf%80%ce%b9%ce%ba%ce%bf%ce%b9%ce%bd%cf%89%ce%bd%ce%af%ce%b1\\\/#breadcrumb\",\"itemListElement\":[{\"@type\":\"ListItem\",\"position\":1,\"name\":\"Home\",\"item\":\"https:\\\/\\\/www.silverbay.gr\\\/en\\\/\"},{\"@type\":\"ListItem\",\"position\":2,\"name\":\"Contact\"}]},{\"@type\":\"WebSite\",\"@id\":\"https:\\\/\\\/www.silverbay.gr\\\/en\\\/#website\",\"url\":\"https:\\\/\\\/www.silverbay.gr\\\/en\\\/\",\"name\":\"Silver Bay Hotel &amp; Bungalows, Mytilene Lesvos Greece | \u03be\u03b5\u03bd\u03bf\u03b4\u03bf\u03c7\u03b5\u03b9\u03bf \u039c\u03c5\u03c4\u03b9\u03bb\u03b7\u03bd\u03b7 lesvos hotel hotels | Silver Bay Otel ve Bungalov, Midilli Lesvos Yunanistan\",\"description\":\"Lesvos Hotels -Silver Bay Hotel &amp; Bungalows - Holidays and Vacations at Lesvos Aegean Hellas Greece | \u0391\u03c0\u03bf\u03bb\u03b1\u03cd\u03c3\u03c4\u03b5 \u03b4\u03b9\u03b1\u03ba\u03bf\u03c0\u03ad\u03c2 \u03c3\u03c4\u03b7\u03bd \u0395\u03bb\u03bb\u03ac\u03b4\u03b1 \u03c3\u03c4\u03bf \u039e\u03b5\u03bd\u03bf\u03b4\u03bf\u03c7\u03b5\u03af\u03bf Silver Bay \u03c3\u03c4\u03b7 \u039c\u03c5\u03c4\u03b9\u03bb\u03ae\u03bd\u03b7 \u039b\u03ad\u03c3\u03b2\u03bf\u03c2 | Midilli Otel Tatiller de Lesvos Ege Yunanistan Midilli Adas\u0131 Lesvos Adas\u0131 Lesbosi Adas\u0131\",\"potentialAction\":[{\"@type\":\"SearchAction\",\"target\":{\"@type\":\"EntryPoint\",\"urlTemplate\":\"https:\\\/\\\/www.silverbay.gr\\\/en\\\/?s={search_term_string}\"},\"query-input\":{\"@type\":\"PropertyValueSpecification\",\"valueRequired\":true,\"valueName\":\"search_term_string\"}}],\"inLanguage\":\"el\"}]}<\/script>\n<!-- \/ Yoast SEO plugin. -->","yoast_head_json":{"title":"Contact - Silver Bay Hotel &amp; Bungalows, Mytilene Lesvos Greece | \u03be\u03b5\u03bd\u03bf\u03b4\u03bf\u03c7\u03b5\u03b9\u03bf \u039c\u03c5\u03c4\u03b9\u03bb\u03b7\u03bd\u03b7 lesvos hotel hotels | Silver Bay Otel ve Bungalov, Midilli Lesvos Yunanistan","description":"Lesvos Hotels -Silver Bay Hotel & Bungalows - Holidays and Vacations at Lesvos Aegean Hellas Greece | \u0391\u03c0\u03bf\u03bb\u03b1\u03cd\u03c3\u03c4\u03b5 \u03b4\u03b9\u03b1\u03ba\u03bf\u03c0\u03ad\u03c2 \u03c3\u03c4\u03b7\u03bd \u0395\u03bb\u03bb\u03ac\u03b4\u03b1 \u03c3\u03c4\u03bf \u039e\u03b5\u03bd\u03bf\u03b4\u03bf\u03c7\u03b5\u03af\u03bf Silver Bay \u03c3\u03c4\u03b7 \u039c\u03c5\u03c4\u03b9\u03bb\u03ae\u03bd\u03b7 \u039b\u03ad\u03c3\u03b2\u03bf\u03c2 | Midilli Otel Tatiller de Lesvos Ege Yunanistan Midilli Adas\u0131 Lesvos Adas\u0131 Lesbosi Adas\u0131","robots":{"index":"index","follow":"follow","max-snippet":"max-snippet:-1","max-image-preview":"max-image-preview:large","max-video-preview":"max-video-preview:-1"},"canonical":"https:\/\/www.silverbay.gr\/en\/\u03b5\u03c0\u03b9\u03ba\u03bf\u03b9\u03bd\u03c9\u03bd\u03af\u03b1\/","og_locale":"el_GR","og_type":"article","og_title":"Contact - Silver Bay Hotel &amp; Bungalows, Mytilene Lesvos Greece | \u03be\u03b5\u03bd\u03bf\u03b4\u03bf\u03c7\u03b5\u03b9\u03bf \u039c\u03c5\u03c4\u03b9\u03bb\u03b7\u03bd\u03b7 lesvos hotel hotels | Silver Bay Otel ve Bungalov, Midilli Lesvos Yunanistan","og_description":"Lesvos Hotels -Silver Bay Hotel & Bungalows - Holidays and Vacations at Lesvos Aegean Hellas Greece | \u0391\u03c0\u03bf\u03bb\u03b1\u03cd\u03c3\u03c4\u03b5 \u03b4\u03b9\u03b1\u03ba\u03bf\u03c0\u03ad\u03c2 \u03c3\u03c4\u03b7\u03bd \u0395\u03bb\u03bb\u03ac\u03b4\u03b1 \u03c3\u03c4\u03bf \u039e\u03b5\u03bd\u03bf\u03b4\u03bf\u03c7\u03b5\u03af\u03bf Silver Bay \u03c3\u03c4\u03b7 \u039c\u03c5\u03c4\u03b9\u03bb\u03ae\u03bd\u03b7 \u039b\u03ad\u03c3\u03b2\u03bf\u03c2 | Midilli Otel Tatiller de Lesvos Ege Yunanistan Midilli Adas\u0131 Lesvos Adas\u0131 Lesbosi Adas\u0131","og_url":"https:\/\/www.silverbay.gr\/en\/\u03b5\u03c0\u03b9\u03ba\u03bf\u03b9\u03bd\u03c9\u03bd\u03af\u03b1\/","og_site_name":"Silver Bay Hotel &amp; Bungalows, Mytilene Lesvos Greece | \u03be\u03b5\u03bd\u03bf\u03b4\u03bf\u03c7\u03b5\u03b9\u03bf \u039c\u03c5\u03c4\u03b9\u03bb\u03b7\u03bd\u03b7 lesvos hotel hotels | Silver Bay Otel ve Bungalov, Midilli Lesvos Yunanistan","article_modified_time":"2024-05-20T09:41:02+00:00","og_image":[{"url":"http:\/\/silverbay.tp-server.gr\/en\/wp-content\/uploads\/2017\/06\/logo-btm.png","type":"","width":"","height":""}],"twitter_card":"summary_large_image","twitter_misc":{"\u0395\u03ba\u03c4\u03b9\u03bc\u03ce\u03bc\u03b5\u03bd\u03bf\u03c2 \u03c7\u03c1\u03cc\u03bd\u03bf\u03c2 \u03b1\u03bd\u03ac\u03b3\u03bd\u03c9\u03c3\u03b7\u03c2":"1 \u03bb\u03b5\u03c0\u03c4\u03cc"},"schema":{"@context":"https:\/\/schema.org","@graph":[{"@type":"WebPage","@id":"https:\/\/www.silverbay.gr\/en\/%ce%b5%cf%80%ce%b9%ce%ba%ce%bf%ce%b9%ce%bd%cf%89%ce%bd%ce%af%ce%b1\/","url":"https:\/\/www.silverbay.gr\/en\/%ce%b5%cf%80%ce%b9%ce%ba%ce%bf%ce%b9%ce%bd%cf%89%ce%bd%ce%af%ce%b1\/","name":"Contact - Silver Bay Hotel &amp; Bungalows, Mytilene Lesvos Greece | \u03be\u03b5\u03bd\u03bf\u03b4\u03bf\u03c7\u03b5\u03b9\u03bf \u039c\u03c5\u03c4\u03b9\u03bb\u03b7\u03bd\u03b7 lesvos hotel hotels | Silver Bay Otel ve Bungalov, Midilli Lesvos Yunanistan","isPartOf":{"@id":"https:\/\/www.silverbay.gr\/en\/#website"},"primaryImageOfPage":{"@id":"https:\/\/www.silverbay.gr\/en\/%ce%b5%cf%80%ce%b9%ce%ba%ce%bf%ce%b9%ce%bd%cf%89%ce%bd%ce%af%ce%b1\/#primaryimage"},"image":{"@id":"https:\/\/www.silverbay.gr\/en\/%ce%b5%cf%80%ce%b9%ce%ba%ce%bf%ce%b9%ce%bd%cf%89%ce%bd%ce%af%ce%b1\/#primaryimage"},"thumbnailUrl":"http:\/\/silverbay.tp-server.gr\/en\/wp-content\/uploads\/2017\/06\/logo-btm.png","datePublished":"2017-06-18T07:52:25+00:00","dateModified":"2024-05-20T09:41:02+00:00","description":"Lesvos Hotels -Silver Bay Hotel & Bungalows - Holidays and Vacations at Lesvos Aegean Hellas Greece | \u0391\u03c0\u03bf\u03bb\u03b1\u03cd\u03c3\u03c4\u03b5 \u03b4\u03b9\u03b1\u03ba\u03bf\u03c0\u03ad\u03c2 \u03c3\u03c4\u03b7\u03bd \u0395\u03bb\u03bb\u03ac\u03b4\u03b1 \u03c3\u03c4\u03bf \u039e\u03b5\u03bd\u03bf\u03b4\u03bf\u03c7\u03b5\u03af\u03bf Silver Bay \u03c3\u03c4\u03b7 \u039c\u03c5\u03c4\u03b9\u03bb\u03ae\u03bd\u03b7 \u039b\u03ad\u03c3\u03b2\u03bf\u03c2 | Midilli Otel Tatiller de Lesvos Ege Yunanistan Midilli Adas\u0131 Lesvos Adas\u0131 Lesbosi Adas\u0131","breadcrumb":{"@id":"https:\/\/www.silverbay.gr\/en\/%ce%b5%cf%80%ce%b9%ce%ba%ce%bf%ce%b9%ce%bd%cf%89%ce%bd%ce%af%ce%b1\/#breadcrumb"},"inLanguage":"el","potentialAction":[{"@type":"ReadAction","target":["https:\/\/www.silverbay.gr\/en\/%ce%b5%cf%80%ce%b9%ce%ba%ce%bf%ce%b9%ce%bd%cf%89%ce%bd%ce%af%ce%b1\/"]}]},{"@type":"ImageObject","inLanguage":"el","@id":"https:\/\/www.silverbay.gr\/en\/%ce%b5%cf%80%ce%b9%ce%ba%ce%bf%ce%b9%ce%bd%cf%89%ce%bd%ce%af%ce%b1\/#primaryimage","url":"http:\/\/silverbay.tp-server.gr\/en\/wp-content\/uploads\/2017\/06\/logo-btm.png","contentUrl":"http:\/\/silverbay.tp-server.gr\/en\/wp-content\/uploads\/2017\/06\/logo-btm.png"},{"@type":"BreadcrumbList","@id":"https:\/\/www.silverbay.gr\/en\/%ce%b5%cf%80%ce%b9%ce%ba%ce%bf%ce%b9%ce%bd%cf%89%ce%bd%ce%af%ce%b1\/#breadcrumb","itemListElement":[{"@type":"ListItem","position":1,"name":"Home","item":"https:\/\/www.silverbay.gr\/en\/"},{"@type":"ListItem","position":2,"name":"Contact"}]},{"@type":"WebSite","@id":"https:\/\/www.silverbay.gr\/en\/#website","url":"https:\/\/www.silverbay.gr\/en\/","name":"Silver Bay Hotel &amp; Bungalows, Mytilene Lesvos Greece | \u03be\u03b5\u03bd\u03bf\u03b4\u03bf\u03c7\u03b5\u03b9\u03bf \u039c\u03c5\u03c4\u03b9\u03bb\u03b7\u03bd\u03b7 lesvos hotel hotels | Silver Bay Otel ve Bungalov, Midilli Lesvos Yunanistan","description":"Lesvos Hotels -Silver Bay Hotel &amp; Bungalows - Holidays and Vacations at Lesvos Aegean Hellas Greece | \u0391\u03c0\u03bf\u03bb\u03b1\u03cd\u03c3\u03c4\u03b5 \u03b4\u03b9\u03b1\u03ba\u03bf\u03c0\u03ad\u03c2 \u03c3\u03c4\u03b7\u03bd \u0395\u03bb\u03bb\u03ac\u03b4\u03b1 \u03c3\u03c4\u03bf \u039e\u03b5\u03bd\u03bf\u03b4\u03bf\u03c7\u03b5\u03af\u03bf Silver Bay \u03c3\u03c4\u03b7 \u039c\u03c5\u03c4\u03b9\u03bb\u03ae\u03bd\u03b7 \u039b\u03ad\u03c3\u03b2\u03bf\u03c2 | Midilli Otel Tatiller de Lesvos Ege Yunanistan Midilli Adas\u0131 Lesvos Adas\u0131 Lesbosi Adas\u0131","potentialAction":[{"@type":"SearchAction","target":{"@type":"EntryPoint","urlTemplate":"https:\/\/www.silverbay.gr\/en\/?s={search_term_string}"},"query-input":{"@type":"PropertyValueSpecification","valueRequired":true,"valueName":"search_term_string"}}],"inLanguage":"el"}]}},"_links":{"self":[{"href":"https:\/\/www.silverbay.gr\/en\/wp-json\/wp\/v2\/pages\/292","targetHints":{"allow":["GET"]}}],"collection":[{"href":"https:\/\/www.silverbay.gr\/en\/wp-json\/wp\/v2\/pages"}],"about":[{"href":"https:\/\/www.silverbay.gr\/en\/wp-json\/wp\/v2\/types\/page"}],"author":[{"embeddable":true,"href":"https:\/\/www.silverbay.gr\/en\/wp-json\/wp\/v2\/users\/1"}],"replies":[{"embeddable":true,"href":"https:\/\/www.silverbay.gr\/en\/wp-json\/wp\/v2\/comments?post=292"}],"version-history":[{"count":6,"href":"https:\/\/www.silverbay.gr\/en\/wp-json\/wp\/v2\/pages\/292\/revisions"}],"predecessor-version":[{"id":393,"href":"https:\/\/www.silverbay.gr\/en\/wp-json\/wp\/v2\/pages\/292\/revisions\/393"}],"wp:attachment":[{"href":"https:\/\/www.silverbay.gr\/en\/wp-json\/wp\/v2\/media?parent=292"}],"curies":[{"name":"wp","href":"https:\/\/api.w.org\/{rel}","templated":true}]}}