{"id":59,"date":"2017-06-17T03:57:52","date_gmt":"2017-06-17T03:57:52","guid":{"rendered":"http:\/\/silverbay.tp-server.gr\/?page_id=59"},"modified":"2017-07-03T10:49:38","modified_gmt":"2017-07-03T10:49:38","slug":"%cf%84%ce%b1-%ce%b4%cf%89%ce%bc%ce%ac%cf%84%ce%b9%ce%b1","status":"publish","type":"page","link":"https:\/\/www.silverbay.gr\/en\/%cf%84%ce%b1-%ce%b4%cf%89%ce%bc%ce%ac%cf%84%ce%b9%ce%b1\/","title":{"rendered":"Rooms &#038; Services"},"content":{"rendered":"<div class=\"wpb-content-wrapper\"><p>[vc_row][vc_column width=&#8221;1\/3&#8243;][vc_column_text]<\/p>\n<p style=\"text-align: justify;\">Every room has<\/p>\n<ul>\n<li style=\"text-align: justify;\">Conditioning<\/li>\n<li style=\"text-align: justify;\">Hair dryer<\/li>\n<li style=\"text-align: justify;\">Phone<\/li>\n<li style=\"text-align: justify;\">TV<\/li>\n<li style=\"text-align: justify;\">Shower &amp; Bathroom<\/li>\n<li style=\"text-align: justify;\">Fridge<\/li>\n<li style=\"text-align: justify;\">Balcony with the beautiful view of the coast of Gera, of the green gardens, the olive trees or the pool.<\/li>\n<\/ul>\n<p>[\/vc_column_text][\/vc_column][vc_column width=&#8221;2\/3&#8243;][vc_media_grid grid_id=&#8221;vc_gid:1499078770442-d4ffcdcf-1093-4&#8243; include=&#8221;60,61,62,63,64,65,66,67,68&#8243;][\/vc_column][\/vc_row]<\/p>\n<\/div>","protected":false},"excerpt":{"rendered":"<p>[vc_row][vc_column width=&#8221;1\/3&#8243;][vc_column_text] Every room has Conditioning Hair dryer Phone TV Shower &amp; Bathroom Fridge Balcony with the beautiful view of the coast of Gera, of the green gardens, the olive trees or the pool. [\/vc_column_text][\/vc_column][vc_column width=&#8221;2\/3&#8243;][vc_media_grid grid_id=&#8221;vc_gid:1499078770442-d4ffcdcf-1093-4&#8243; include=&#8221;60,61,62,63,64,65,66,67,68&#8243;][\/vc_column][\/vc_row]<\/p>\n","protected":false},"author":1,"featured_media":0,"parent":0,"menu_order":0,"comment_status":"closed","ping_status":"closed","template":"","meta":{"footnotes":""},"class_list":["post-59","page","type-page","status-publish","hentry","description-off"],"yoast_head":"<!-- This site is optimized with the Yoast SEO plugin v27.5 - https:\/\/yoast.com\/product\/yoast-seo-wordpress\/ -->\n<title>Rooms &amp; Services - Silver Bay Hotel &amp; Bungalows, Mytilene Lesvos Greece | \u03be\u03b5\u03bd\u03bf\u03b4\u03bf\u03c7\u03b5\u03b9\u03bf \u039c\u03c5\u03c4\u03b9\u03bb\u03b7\u03bd\u03b7 lesvos hotel hotels | Silver Bay Otel ve Bungalov, Midilli Lesvos Yunanistan<\/title>\n<meta name=\"description\" content=\"Lesvos Hotels -Silver Bay Hotel &amp; Bungalows - Holidays and Vacations at Lesvos Aegean Hellas Greece | \u0391\u03c0\u03bf\u03bb\u03b1\u03cd\u03c3\u03c4\u03b5 \u03b4\u03b9\u03b1\u03ba\u03bf\u03c0\u03ad\u03c2 \u03c3\u03c4\u03b7\u03bd \u0395\u03bb\u03bb\u03ac\u03b4\u03b1 \u03c3\u03c4\u03bf \u039e\u03b5\u03bd\u03bf\u03b4\u03bf\u03c7\u03b5\u03af\u03bf Silver Bay \u03c3\u03c4\u03b7 \u039c\u03c5\u03c4\u03b9\u03bb\u03ae\u03bd\u03b7 \u039b\u03ad\u03c3\u03b2\u03bf\u03c2 | Midilli Otel Tatiller de Lesvos Ege Yunanistan Midilli Adas\u0131 Lesvos Adas\u0131 Lesbosi Adas\u0131\" \/>\n<meta name=\"robots\" content=\"index, follow, max-snippet:-1, max-image-preview:large, max-video-preview:-1\" \/>\n<link rel=\"canonical\" href=\"https:\/\/www.silverbay.gr\/en\/\u03c4\u03b1-\u03b4\u03c9\u03bc\u03ac\u03c4\u03b9\u03b1\/\" \/>\n<meta property=\"og:locale\" content=\"el_GR\" \/>\n<meta property=\"og:type\" content=\"article\" \/>\n<meta property=\"og:title\" content=\"Rooms &amp; Services - Silver Bay Hotel &amp; Bungalows, Mytilene Lesvos Greece | \u03be\u03b5\u03bd\u03bf\u03b4\u03bf\u03c7\u03b5\u03b9\u03bf \u039c\u03c5\u03c4\u03b9\u03bb\u03b7\u03bd\u03b7 lesvos hotel hotels | Silver Bay Otel ve Bungalov, Midilli Lesvos Yunanistan\" \/>\n<meta property=\"og:description\" content=\"Lesvos Hotels -Silver Bay Hotel &amp; Bungalows - Holidays and Vacations at Lesvos Aegean Hellas Greece | \u0391\u03c0\u03bf\u03bb\u03b1\u03cd\u03c3\u03c4\u03b5 \u03b4\u03b9\u03b1\u03ba\u03bf\u03c0\u03ad\u03c2 \u03c3\u03c4\u03b7\u03bd \u0395\u03bb\u03bb\u03ac\u03b4\u03b1 \u03c3\u03c4\u03bf \u039e\u03b5\u03bd\u03bf\u03b4\u03bf\u03c7\u03b5\u03af\u03bf Silver Bay \u03c3\u03c4\u03b7 \u039c\u03c5\u03c4\u03b9\u03bb\u03ae\u03bd\u03b7 \u039b\u03ad\u03c3\u03b2\u03bf\u03c2 | Midilli Otel Tatiller de Lesvos Ege Yunanistan Midilli Adas\u0131 Lesvos Adas\u0131 Lesbosi Adas\u0131\" \/>\n<meta property=\"og:url\" content=\"https:\/\/www.silverbay.gr\/en\/\u03c4\u03b1-\u03b4\u03c9\u03bc\u03ac\u03c4\u03b9\u03b1\/\" \/>\n<meta property=\"og:site_name\" content=\"Silver Bay Hotel &amp; Bungalows, Mytilene Lesvos Greece | \u03be\u03b5\u03bd\u03bf\u03b4\u03bf\u03c7\u03b5\u03b9\u03bf \u039c\u03c5\u03c4\u03b9\u03bb\u03b7\u03bd\u03b7 lesvos hotel hotels | Silver Bay Otel ve Bungalov, Midilli Lesvos Yunanistan\" \/>\n<meta property=\"article:modified_time\" content=\"2017-07-03T10:49:38+00:00\" \/>\n<meta name=\"twitter:card\" content=\"summary_large_image\" \/>\n<script type=\"application\/ld+json\" class=\"yoast-schema-graph\">{\"@context\":\"https:\\\/\\\/schema.org\",\"@graph\":[{\"@type\":\"WebPage\",\"@id\":\"https:\\\/\\\/www.silverbay.gr\\\/en\\\/%cf%84%ce%b1-%ce%b4%cf%89%ce%bc%ce%ac%cf%84%ce%b9%ce%b1\\\/\",\"url\":\"https:\\\/\\\/www.silverbay.gr\\\/en\\\/%cf%84%ce%b1-%ce%b4%cf%89%ce%bc%ce%ac%cf%84%ce%b9%ce%b1\\\/\",\"name\":\"Rooms & Services - Silver Bay Hotel &amp; Bungalows, Mytilene Lesvos Greece | \u03be\u03b5\u03bd\u03bf\u03b4\u03bf\u03c7\u03b5\u03b9\u03bf \u039c\u03c5\u03c4\u03b9\u03bb\u03b7\u03bd\u03b7 lesvos hotel hotels | Silver Bay Otel ve Bungalov, Midilli Lesvos Yunanistan\",\"isPartOf\":{\"@id\":\"https:\\\/\\\/www.silverbay.gr\\\/en\\\/#website\"},\"datePublished\":\"2017-06-17T03:57:52+00:00\",\"dateModified\":\"2017-07-03T10:49:38+00:00\",\"description\":\"Lesvos Hotels -Silver Bay Hotel & Bungalows - Holidays and Vacations at Lesvos Aegean Hellas Greece | \u0391\u03c0\u03bf\u03bb\u03b1\u03cd\u03c3\u03c4\u03b5 \u03b4\u03b9\u03b1\u03ba\u03bf\u03c0\u03ad\u03c2 \u03c3\u03c4\u03b7\u03bd \u0395\u03bb\u03bb\u03ac\u03b4\u03b1 \u03c3\u03c4\u03bf \u039e\u03b5\u03bd\u03bf\u03b4\u03bf\u03c7\u03b5\u03af\u03bf Silver Bay \u03c3\u03c4\u03b7 \u039c\u03c5\u03c4\u03b9\u03bb\u03ae\u03bd\u03b7 \u039b\u03ad\u03c3\u03b2\u03bf\u03c2 | Midilli Otel Tatiller de Lesvos Ege Yunanistan Midilli Adas\u0131 Lesvos Adas\u0131 Lesbosi Adas\u0131\",\"breadcrumb\":{\"@id\":\"https:\\\/\\\/www.silverbay.gr\\\/en\\\/%cf%84%ce%b1-%ce%b4%cf%89%ce%bc%ce%ac%cf%84%ce%b9%ce%b1\\\/#breadcrumb\"},\"inLanguage\":\"el\",\"potentialAction\":[{\"@type\":\"ReadAction\",\"target\":[\"https:\\\/\\\/www.silverbay.gr\\\/en\\\/%cf%84%ce%b1-%ce%b4%cf%89%ce%bc%ce%ac%cf%84%ce%b9%ce%b1\\\/\"]}]},{\"@type\":\"BreadcrumbList\",\"@id\":\"https:\\\/\\\/www.silverbay.gr\\\/en\\\/%cf%84%ce%b1-%ce%b4%cf%89%ce%bc%ce%ac%cf%84%ce%b9%ce%b1\\\/#breadcrumb\",\"itemListElement\":[{\"@type\":\"ListItem\",\"position\":1,\"name\":\"Home\",\"item\":\"https:\\\/\\\/www.silverbay.gr\\\/en\\\/\"},{\"@type\":\"ListItem\",\"position\":2,\"name\":\"Rooms &#038; Services\"}]},{\"@type\":\"WebSite\",\"@id\":\"https:\\\/\\\/www.silverbay.gr\\\/en\\\/#website\",\"url\":\"https:\\\/\\\/www.silverbay.gr\\\/en\\\/\",\"name\":\"Silver Bay Hotel &amp; Bungalows, Mytilene Lesvos Greece | \u03be\u03b5\u03bd\u03bf\u03b4\u03bf\u03c7\u03b5\u03b9\u03bf \u039c\u03c5\u03c4\u03b9\u03bb\u03b7\u03bd\u03b7 lesvos hotel hotels | Silver Bay Otel ve Bungalov, Midilli Lesvos Yunanistan\",\"description\":\"Lesvos Hotels -Silver Bay Hotel &amp; Bungalows - Holidays and Vacations at Lesvos Aegean Hellas Greece | \u0391\u03c0\u03bf\u03bb\u03b1\u03cd\u03c3\u03c4\u03b5 \u03b4\u03b9\u03b1\u03ba\u03bf\u03c0\u03ad\u03c2 \u03c3\u03c4\u03b7\u03bd \u0395\u03bb\u03bb\u03ac\u03b4\u03b1 \u03c3\u03c4\u03bf \u039e\u03b5\u03bd\u03bf\u03b4\u03bf\u03c7\u03b5\u03af\u03bf Silver Bay \u03c3\u03c4\u03b7 \u039c\u03c5\u03c4\u03b9\u03bb\u03ae\u03bd\u03b7 \u039b\u03ad\u03c3\u03b2\u03bf\u03c2 | Midilli Otel Tatiller de Lesvos Ege Yunanistan Midilli Adas\u0131 Lesvos Adas\u0131 Lesbosi Adas\u0131\",\"potentialAction\":[{\"@type\":\"SearchAction\",\"target\":{\"@type\":\"EntryPoint\",\"urlTemplate\":\"https:\\\/\\\/www.silverbay.gr\\\/en\\\/?s={search_term_string}\"},\"query-input\":{\"@type\":\"PropertyValueSpecification\",\"valueRequired\":true,\"valueName\":\"search_term_string\"}}],\"inLanguage\":\"el\"}]}<\/script>\n<!-- \/ Yoast SEO plugin. -->","yoast_head_json":{"title":"Rooms & Services - Silver Bay Hotel &amp; Bungalows, Mytilene Lesvos Greece | \u03be\u03b5\u03bd\u03bf\u03b4\u03bf\u03c7\u03b5\u03b9\u03bf \u039c\u03c5\u03c4\u03b9\u03bb\u03b7\u03bd\u03b7 lesvos hotel hotels | Silver Bay Otel ve Bungalov, Midilli Lesvos Yunanistan","description":"Lesvos Hotels -Silver Bay Hotel & Bungalows - Holidays and Vacations at Lesvos Aegean Hellas Greece | \u0391\u03c0\u03bf\u03bb\u03b1\u03cd\u03c3\u03c4\u03b5 \u03b4\u03b9\u03b1\u03ba\u03bf\u03c0\u03ad\u03c2 \u03c3\u03c4\u03b7\u03bd \u0395\u03bb\u03bb\u03ac\u03b4\u03b1 \u03c3\u03c4\u03bf \u039e\u03b5\u03bd\u03bf\u03b4\u03bf\u03c7\u03b5\u03af\u03bf Silver Bay \u03c3\u03c4\u03b7 \u039c\u03c5\u03c4\u03b9\u03bb\u03ae\u03bd\u03b7 \u039b\u03ad\u03c3\u03b2\u03bf\u03c2 | Midilli Otel Tatiller de Lesvos Ege Yunanistan Midilli Adas\u0131 Lesvos Adas\u0131 Lesbosi Adas\u0131","robots":{"index":"index","follow":"follow","max-snippet":"max-snippet:-1","max-image-preview":"max-image-preview:large","max-video-preview":"max-video-preview:-1"},"canonical":"https:\/\/www.silverbay.gr\/en\/\u03c4\u03b1-\u03b4\u03c9\u03bc\u03ac\u03c4\u03b9\u03b1\/","og_locale":"el_GR","og_type":"article","og_title":"Rooms & Services - Silver Bay Hotel &amp; Bungalows, Mytilene Lesvos Greece | \u03be\u03b5\u03bd\u03bf\u03b4\u03bf\u03c7\u03b5\u03b9\u03bf \u039c\u03c5\u03c4\u03b9\u03bb\u03b7\u03bd\u03b7 lesvos hotel hotels | Silver Bay Otel ve Bungalov, Midilli Lesvos Yunanistan","og_description":"Lesvos Hotels -Silver Bay Hotel & Bungalows - Holidays and Vacations at Lesvos Aegean Hellas Greece | \u0391\u03c0\u03bf\u03bb\u03b1\u03cd\u03c3\u03c4\u03b5 \u03b4\u03b9\u03b1\u03ba\u03bf\u03c0\u03ad\u03c2 \u03c3\u03c4\u03b7\u03bd \u0395\u03bb\u03bb\u03ac\u03b4\u03b1 \u03c3\u03c4\u03bf \u039e\u03b5\u03bd\u03bf\u03b4\u03bf\u03c7\u03b5\u03af\u03bf Silver Bay \u03c3\u03c4\u03b7 \u039c\u03c5\u03c4\u03b9\u03bb\u03ae\u03bd\u03b7 \u039b\u03ad\u03c3\u03b2\u03bf\u03c2 | Midilli Otel Tatiller de Lesvos Ege Yunanistan Midilli Adas\u0131 Lesvos Adas\u0131 Lesbosi Adas\u0131","og_url":"https:\/\/www.silverbay.gr\/en\/\u03c4\u03b1-\u03b4\u03c9\u03bc\u03ac\u03c4\u03b9\u03b1\/","og_site_name":"Silver Bay Hotel &amp; Bungalows, Mytilene Lesvos Greece | \u03be\u03b5\u03bd\u03bf\u03b4\u03bf\u03c7\u03b5\u03b9\u03bf \u039c\u03c5\u03c4\u03b9\u03bb\u03b7\u03bd\u03b7 lesvos hotel hotels | Silver Bay Otel ve Bungalov, Midilli Lesvos Yunanistan","article_modified_time":"2017-07-03T10:49:38+00:00","twitter_card":"summary_large_image","schema":{"@context":"https:\/\/schema.org","@graph":[{"@type":"WebPage","@id":"https:\/\/www.silverbay.gr\/en\/%cf%84%ce%b1-%ce%b4%cf%89%ce%bc%ce%ac%cf%84%ce%b9%ce%b1\/","url":"https:\/\/www.silverbay.gr\/en\/%cf%84%ce%b1-%ce%b4%cf%89%ce%bc%ce%ac%cf%84%ce%b9%ce%b1\/","name":"Rooms & Services - Silver Bay Hotel &amp; Bungalows, Mytilene Lesvos Greece | \u03be\u03b5\u03bd\u03bf\u03b4\u03bf\u03c7\u03b5\u03b9\u03bf \u039c\u03c5\u03c4\u03b9\u03bb\u03b7\u03bd\u03b7 lesvos hotel hotels | Silver Bay Otel ve Bungalov, Midilli Lesvos Yunanistan","isPartOf":{"@id":"https:\/\/www.silverbay.gr\/en\/#website"},"datePublished":"2017-06-17T03:57:52+00:00","dateModified":"2017-07-03T10:49:38+00:00","description":"Lesvos Hotels -Silver Bay Hotel & Bungalows - Holidays and Vacations at Lesvos Aegean Hellas Greece | \u0391\u03c0\u03bf\u03bb\u03b1\u03cd\u03c3\u03c4\u03b5 \u03b4\u03b9\u03b1\u03ba\u03bf\u03c0\u03ad\u03c2 \u03c3\u03c4\u03b7\u03bd \u0395\u03bb\u03bb\u03ac\u03b4\u03b1 \u03c3\u03c4\u03bf \u039e\u03b5\u03bd\u03bf\u03b4\u03bf\u03c7\u03b5\u03af\u03bf Silver Bay \u03c3\u03c4\u03b7 \u039c\u03c5\u03c4\u03b9\u03bb\u03ae\u03bd\u03b7 \u039b\u03ad\u03c3\u03b2\u03bf\u03c2 | Midilli Otel Tatiller de Lesvos Ege Yunanistan Midilli Adas\u0131 Lesvos Adas\u0131 Lesbosi Adas\u0131","breadcrumb":{"@id":"https:\/\/www.silverbay.gr\/en\/%cf%84%ce%b1-%ce%b4%cf%89%ce%bc%ce%ac%cf%84%ce%b9%ce%b1\/#breadcrumb"},"inLanguage":"el","potentialAction":[{"@type":"ReadAction","target":["https:\/\/www.silverbay.gr\/en\/%cf%84%ce%b1-%ce%b4%cf%89%ce%bc%ce%ac%cf%84%ce%b9%ce%b1\/"]}]},{"@type":"BreadcrumbList","@id":"https:\/\/www.silverbay.gr\/en\/%cf%84%ce%b1-%ce%b4%cf%89%ce%bc%ce%ac%cf%84%ce%b9%ce%b1\/#breadcrumb","itemListElement":[{"@type":"ListItem","position":1,"name":"Home","item":"https:\/\/www.silverbay.gr\/en\/"},{"@type":"ListItem","position":2,"name":"Rooms &#038; Services"}]},{"@type":"WebSite","@id":"https:\/\/www.silverbay.gr\/en\/#website","url":"https:\/\/www.silverbay.gr\/en\/","name":"Silver Bay Hotel &amp; Bungalows, Mytilene Lesvos Greece | \u03be\u03b5\u03bd\u03bf\u03b4\u03bf\u03c7\u03b5\u03b9\u03bf \u039c\u03c5\u03c4\u03b9\u03bb\u03b7\u03bd\u03b7 lesvos hotel hotels | Silver Bay Otel ve Bungalov, Midilli Lesvos Yunanistan","description":"Lesvos Hotels -Silver Bay Hotel &amp; Bungalows - Holidays and Vacations at Lesvos Aegean Hellas Greece | \u0391\u03c0\u03bf\u03bb\u03b1\u03cd\u03c3\u03c4\u03b5 \u03b4\u03b9\u03b1\u03ba\u03bf\u03c0\u03ad\u03c2 \u03c3\u03c4\u03b7\u03bd \u0395\u03bb\u03bb\u03ac\u03b4\u03b1 \u03c3\u03c4\u03bf \u039e\u03b5\u03bd\u03bf\u03b4\u03bf\u03c7\u03b5\u03af\u03bf Silver Bay \u03c3\u03c4\u03b7 \u039c\u03c5\u03c4\u03b9\u03bb\u03ae\u03bd\u03b7 \u039b\u03ad\u03c3\u03b2\u03bf\u03c2 | Midilli Otel Tatiller de Lesvos Ege Yunanistan Midilli Adas\u0131 Lesvos Adas\u0131 Lesbosi Adas\u0131","potentialAction":[{"@type":"SearchAction","target":{"@type":"EntryPoint","urlTemplate":"https:\/\/www.silverbay.gr\/en\/?s={search_term_string}"},"query-input":{"@type":"PropertyValueSpecification","valueRequired":true,"valueName":"search_term_string"}}],"inLanguage":"el"}]}},"_links":{"self":[{"href":"https:\/\/www.silverbay.gr\/en\/wp-json\/wp\/v2\/pages\/59","targetHints":{"allow":["GET"]}}],"collection":[{"href":"https:\/\/www.silverbay.gr\/en\/wp-json\/wp\/v2\/pages"}],"about":[{"href":"https:\/\/www.silverbay.gr\/en\/wp-json\/wp\/v2\/types\/page"}],"author":[{"embeddable":true,"href":"https:\/\/www.silverbay.gr\/en\/wp-json\/wp\/v2\/users\/1"}],"replies":[{"embeddable":true,"href":"https:\/\/www.silverbay.gr\/en\/wp-json\/wp\/v2\/comments?post=59"}],"version-history":[{"count":4,"href":"https:\/\/www.silverbay.gr\/en\/wp-json\/wp\/v2\/pages\/59\/revisions"}],"predecessor-version":[{"id":322,"href":"https:\/\/www.silverbay.gr\/en\/wp-json\/wp\/v2\/pages\/59\/revisions\/322"}],"wp:attachment":[{"href":"https:\/\/www.silverbay.gr\/en\/wp-json\/wp\/v2\/media?parent=59"}],"curies":[{"name":"wp","href":"https:\/\/api.w.org\/{rel}","templated":true}]}}