{"id":144,"date":"2017-06-17T16:53:43","date_gmt":"2017-06-17T16:53:43","guid":{"rendered":"http:\/\/silverbay.tp-server.gr\/?page_id=144"},"modified":"2023-08-03T17:57:18","modified_gmt":"2023-08-03T17:57:18","slug":"%ce%ba%ce%b1%ce%bb%cf%8e%cf%82-%ce%ae%ce%bb%ce%b8%ce%b1%cf%84%ce%b5-%cf%83%cf%84%ce%bf-silver-bay-hotel-%ce%bc%cf%85%cf%84%ce%b9%ce%bb%ce%ae%ce%bd%ce%b7","status":"publish","type":"page","link":"https:\/\/www.silverbay.gr\/tr\/","title":{"rendered":"Mytilene&#8217;de bulunan Silver Bay Hotel&#8217;e Ho\u015f Geldiniz"},"content":{"rendered":"<div class=\"wpb-content-wrapper\"><p>[vc_row][vc_column width=&#8221;1\/2&#8243;][vc_video link=&#8221;https:\/\/www.youtube.com\/watch?v=NdSGLiyySsk&#8221;][\/vc_column][vc_column width=&#8221;1\/2&#8243;][vc_column_text]<img loading=\"lazy\" decoding=\"async\" class=\"aligncenter size-full wp-image-369\" src=\"https:\/\/www.silverbay.gr\/tr\/wp-content\/uploads\/2023\/08\/offer-tr4.jpg\" alt=\"\" width=\"575\" height=\"323\" srcset=\"https:\/\/www.silverbay.gr\/tr\/wp-content\/uploads\/2023\/08\/offer-tr4.jpg 575w, https:\/\/www.silverbay.gr\/tr\/wp-content\/uploads\/2023\/08\/offer-tr4-300x169.jpg 300w\" sizes=\"auto, (max-width: 575px) 100vw, 575px\" \/>[\/vc_column_text][\/vc_column][\/vc_row][vc_row][vc_column width=&#8221;1\/4&#8243;][vc_column_text]<\/p>\n<h4 style=\"text-align: center;\">Silver Bay Otel<br \/>\n<img loading=\"lazy\" decoding=\"async\" class=\"alignnone size-full wp-image-150 aligncenter\" src=\"http:\/\/silverbay.tp-server.gr\/tr\/wp-content\/uploads\/2017\/06\/banner-1.jpg\" alt=\"\" width=\"276\" height=\"170\" \/><\/h4>\n<p>[\/vc_column_text][vc_btn title=&#8221;Daha fazla oku&#8221; color=&#8221;sky&#8221; size=&#8221;lg&#8221; align=&#8221;center&#8221; button_block=&#8221;true&#8221; link=&#8221;url:http%3A%2F%2Fwww.silverbay.gr%2Ftr%2F%3Fpage_id%3D28|||&#8221; css=&#8221;.vc_custom_1499140157059{margin-top: -20px !important;}&#8221;][\/vc_column][vc_column width=&#8221;1\/4&#8243;][vc_column_text]<\/p>\n<h4 style=\"text-align: center;\">Odalar ve Tesisler<br \/>\n<img loading=\"lazy\" decoding=\"async\" class=\"alignnone wp-image-154 size-full\" src=\"http:\/\/silverbay.tp-server.gr\/tr\/wp-content\/uploads\/2017\/06\/banner-2.jpg\" alt=\"\" width=\"276\" height=\"170\" \/><\/h4>\n<p>[\/vc_column_text][vc_btn title=&#8221;Daha fazla oku&#8221; color=&#8221;sky&#8221; size=&#8221;lg&#8221; align=&#8221;center&#8221; button_block=&#8221;true&#8221; link=&#8221;url:http%3A%2F%2Fwww.silverbay.gr%2Ftr%2F%3Fpage_id%3D59|||&#8221; css=&#8221;.vc_custom_1499140170981{margin-top: -30px !important;}&#8221;][\/vc_column][vc_column width=&#8221;1\/4&#8243;][vc_column_text]<\/p>\n<h4 style=\"text-align: center;\">Restoranlar ve Kafeler<br \/>\n<img loading=\"lazy\" decoding=\"async\" class=\"alignnone wp-image-158 size-full\" src=\"http:\/\/silverbay.tp-server.gr\/tr\/wp-content\/uploads\/2017\/06\/banner-3.jpg\" alt=\"\" width=\"276\" height=\"170\" \/><\/h4>\n<p>[\/vc_column_text][vc_btn title=&#8221;Daha fazla oku&#8221; color=&#8221;sky&#8221; size=&#8221;lg&#8221; align=&#8221;center&#8221; button_block=&#8221;true&#8221; link=&#8221;url:http%3A%2F%2Fwww.silverbay.gr%2Ftr%2F%3Fpage_id%3D73|||&#8221; css=&#8221;.vc_custom_1499140181922{margin-top: -30px !important;}&#8221;][\/vc_column][vc_column width=&#8221;1\/4&#8243;][vc_column_text]<\/p>\n<h4 style=\"text-align: center;\">Business Center<br \/>\n<img loading=\"lazy\" decoding=\"async\" class=\"alignnone wp-image-160 size-full\" src=\"http:\/\/silverbay.tp-server.gr\/tr\/wp-content\/uploads\/2017\/06\/banner-4.jpg\" alt=\"\" width=\"276\" height=\"170\" \/><\/h4>\n<p>[\/vc_column_text][vc_btn title=&#8221;Daha fazla oku&#8221; color=&#8221;sky&#8221; size=&#8221;lg&#8221; align=&#8221;center&#8221; button_block=&#8221;true&#8221; link=&#8221;url:http%3A%2F%2Fwww.silverbay.gr%2Ftr%2F%3Fpage_id%3D96|||&#8221; css=&#8221;.vc_custom_1499140192326{margin-top: -30px !important;}&#8221;][\/vc_column][\/vc_row]<\/p>\n<\/div>","protected":false},"excerpt":{"rendered":"<p>[vc_row][vc_column width=&#8221;1\/2&#8243;][vc_video link=&#8221;https:\/\/www.youtube.com\/watch?v=NdSGLiyySsk&#8221;][\/vc_column][vc_column width=&#8221;1\/2&#8243;][vc_column_text][\/vc_column_text][\/vc_column][\/vc_row][vc_row][vc_column width=&#8221;1\/4&#8243;][vc_column_text] Silver Bay Otel [\/vc_column_text][vc_btn title=&#8221;Daha fazla oku&#8221; color=&#8221;sky&#8221; size=&#8221;lg&#8221; align=&#8221;center&#8221; button_block=&#8221;true&#8221; link=&#8221;url:http%3A%2F%2Fwww.silverbay.gr%2Ftr%2F%3Fpage_id%3D28|||&#8221; css=&#8221;.vc_custom_1499140157059{margin-top: -20px !important;}&#8221;][\/vc_column][vc_column width=&#8221;1\/4&#8243;][vc_column_text] Odalar ve Tesisler [\/vc_column_text][vc_btn title=&#8221;Daha fazla oku&#8221; color=&#8221;sky&#8221; size=&#8221;lg&#8221; align=&#8221;center&#8221; button_block=&#8221;true&#8221; link=&#8221;url:http%3A%2F%2Fwww.silverbay.gr%2Ftr%2F%3Fpage_id%3D59|||&#8221; css=&#8221;.vc_custom_1499140170981{margin-top: -30px !important;}&#8221;][\/vc_column][vc_column width=&#8221;1\/4&#8243;][vc_column_text] Restoranlar ve Kafeler [\/vc_column_text][vc_btn title=&#8221;Daha fazla oku&#8221; color=&#8221;sky&#8221; size=&#8221;lg&#8221; align=&#8221;center&#8221; button_block=&#8221;true&#8221; link=&#8221;url:http%3A%2F%2Fwww.silverbay.gr%2Ftr%2F%3Fpage_id%3D73|||&#8221; css=&#8221;.vc_custom_1499140181922{margin-top: -30px !important;}&#8221;][\/vc_column][vc_column width=&#8221;1\/4&#8243;][vc_column_text] Business Center&hellip;<\/p>\n","protected":false},"author":1,"featured_media":0,"parent":0,"menu_order":0,"comment_status":"closed","ping_status":"closed","template":"","meta":{"footnotes":""},"class_list":["post-144","page","type-page","status-publish","hentry","description-off"],"yoast_head":"<!-- This site is optimized with the Yoast SEO plugin v27.5 - https:\/\/yoast.com\/product\/yoast-seo-wordpress\/ -->\n<title>Mytilene&#039;de bulunan Silver Bay Hotel&#039;e Ho\u015f Geldiniz - Silver Bay Hotel &amp; Bungalows, Mytilene Lesvos Greece | \u03be\u03b5\u03bd\u03bf\u03b4\u03bf\u03c7\u03b5\u03b9\u03bf \u039c\u03c5\u03c4\u03b9\u03bb\u03b7\u03bd\u03b7 lesvos hotel hotels | Silver Bay Otel ve Bungalov, Midilli Lesvos Yunanistan<\/title>\n<meta name=\"description\" content=\"Lesvos Hotels -Silver Bay Hotel &amp; Bungalows - Holidays and Vacations at Lesvos Aegean Hellas Greece | \u0391\u03c0\u03bf\u03bb\u03b1\u03cd\u03c3\u03c4\u03b5 \u03b4\u03b9\u03b1\u03ba\u03bf\u03c0\u03ad\u03c2 \u03c3\u03c4\u03b7\u03bd \u0395\u03bb\u03bb\u03ac\u03b4\u03b1 \u03c3\u03c4\u03bf \u039e\u03b5\u03bd\u03bf\u03b4\u03bf\u03c7\u03b5\u03af\u03bf Silver Bay \u03c3\u03c4\u03b7 \u039c\u03c5\u03c4\u03b9\u03bb\u03ae\u03bd\u03b7 \u039b\u03ad\u03c3\u03b2\u03bf\u03c2 | Midilli Otel Tatiller de Lesvos Ege Yunanistan Midilli Adas\u0131 Lesvos Adas\u0131 Lesbosi Adas\u0131\" \/>\n<meta name=\"robots\" content=\"index, follow, max-snippet:-1, max-image-preview:large, max-video-preview:-1\" \/>\n<link rel=\"canonical\" href=\"https:\/\/www.silverbay.gr\/tr\/\" \/>\n<meta property=\"og:locale\" content=\"el_GR\" \/>\n<meta property=\"og:type\" content=\"article\" \/>\n<meta property=\"og:title\" content=\"Mytilene&#039;de bulunan Silver Bay Hotel&#039;e Ho\u015f Geldiniz - Silver Bay Hotel &amp; Bungalows, Mytilene Lesvos Greece | \u03be\u03b5\u03bd\u03bf\u03b4\u03bf\u03c7\u03b5\u03b9\u03bf \u039c\u03c5\u03c4\u03b9\u03bb\u03b7\u03bd\u03b7 lesvos hotel hotels | Silver Bay Otel ve Bungalov, Midilli Lesvos Yunanistan\" \/>\n<meta property=\"og:description\" content=\"Lesvos Hotels -Silver Bay Hotel &amp; Bungalows - Holidays and Vacations at Lesvos Aegean Hellas Greece | \u0391\u03c0\u03bf\u03bb\u03b1\u03cd\u03c3\u03c4\u03b5 \u03b4\u03b9\u03b1\u03ba\u03bf\u03c0\u03ad\u03c2 \u03c3\u03c4\u03b7\u03bd \u0395\u03bb\u03bb\u03ac\u03b4\u03b1 \u03c3\u03c4\u03bf \u039e\u03b5\u03bd\u03bf\u03b4\u03bf\u03c7\u03b5\u03af\u03bf Silver Bay \u03c3\u03c4\u03b7 \u039c\u03c5\u03c4\u03b9\u03bb\u03ae\u03bd\u03b7 \u039b\u03ad\u03c3\u03b2\u03bf\u03c2 | Midilli Otel Tatiller de Lesvos Ege Yunanistan Midilli Adas\u0131 Lesvos Adas\u0131 Lesbosi Adas\u0131\" \/>\n<meta property=\"og:url\" content=\"https:\/\/www.silverbay.gr\/tr\/\" \/>\n<meta property=\"og:site_name\" content=\"Silver Bay Hotel &amp; Bungalows, Mytilene Lesvos Greece | \u03be\u03b5\u03bd\u03bf\u03b4\u03bf\u03c7\u03b5\u03b9\u03bf \u039c\u03c5\u03c4\u03b9\u03bb\u03b7\u03bd\u03b7 lesvos hotel hotels | Silver Bay Otel ve Bungalov, Midilli Lesvos Yunanistan\" \/>\n<meta property=\"article:modified_time\" content=\"2023-08-03T17:57:18+00:00\" \/>\n<meta property=\"og:image\" content=\"https:\/\/www.silverbay.gr\/tr\/wp-content\/uploads\/2023\/08\/offer-tr4.jpg\" \/>\n<meta name=\"twitter:card\" content=\"summary_large_image\" \/>\n<meta name=\"twitter:label1\" content=\"\u0395\u03ba\u03c4\u03b9\u03bc\u03ce\u03bc\u03b5\u03bd\u03bf\u03c2 \u03c7\u03c1\u03cc\u03bd\u03bf\u03c2 \u03b1\u03bd\u03ac\u03b3\u03bd\u03c9\u03c3\u03b7\u03c2\" \/>\n\t<meta name=\"twitter:data1\" content=\"2 \u03bb\u03b5\u03c0\u03c4\u03ac\" \/>\n<script type=\"application\/ld+json\" class=\"yoast-schema-graph\">{\"@context\":\"https:\\\/\\\/schema.org\",\"@graph\":[{\"@type\":\"WebPage\",\"@id\":\"https:\\\/\\\/www.silverbay.gr\\\/tr\\\/\",\"url\":\"https:\\\/\\\/www.silverbay.gr\\\/tr\\\/\",\"name\":\"Mytilene'de bulunan Silver Bay Hotel'e Ho\u015f Geldiniz - Silver Bay Hotel &amp; Bungalows, Mytilene Lesvos Greece | \u03be\u03b5\u03bd\u03bf\u03b4\u03bf\u03c7\u03b5\u03b9\u03bf \u039c\u03c5\u03c4\u03b9\u03bb\u03b7\u03bd\u03b7 lesvos hotel hotels | Silver Bay Otel ve Bungalov, Midilli Lesvos Yunanistan\",\"isPartOf\":{\"@id\":\"https:\\\/\\\/www.silverbay.gr\\\/tr\\\/#website\"},\"primaryImageOfPage\":{\"@id\":\"https:\\\/\\\/www.silverbay.gr\\\/tr\\\/#primaryimage\"},\"image\":{\"@id\":\"https:\\\/\\\/www.silverbay.gr\\\/tr\\\/#primaryimage\"},\"thumbnailUrl\":\"https:\\\/\\\/www.silverbay.gr\\\/tr\\\/wp-content\\\/uploads\\\/2023\\\/08\\\/offer-tr4.jpg\",\"datePublished\":\"2017-06-17T16:53:43+00:00\",\"dateModified\":\"2023-08-03T17:57:18+00:00\",\"description\":\"Lesvos Hotels -Silver Bay Hotel & Bungalows - Holidays and Vacations at Lesvos Aegean Hellas Greece | \u0391\u03c0\u03bf\u03bb\u03b1\u03cd\u03c3\u03c4\u03b5 \u03b4\u03b9\u03b1\u03ba\u03bf\u03c0\u03ad\u03c2 \u03c3\u03c4\u03b7\u03bd \u0395\u03bb\u03bb\u03ac\u03b4\u03b1 \u03c3\u03c4\u03bf \u039e\u03b5\u03bd\u03bf\u03b4\u03bf\u03c7\u03b5\u03af\u03bf Silver Bay \u03c3\u03c4\u03b7 \u039c\u03c5\u03c4\u03b9\u03bb\u03ae\u03bd\u03b7 \u039b\u03ad\u03c3\u03b2\u03bf\u03c2 | Midilli Otel Tatiller de Lesvos Ege Yunanistan Midilli Adas\u0131 Lesvos Adas\u0131 Lesbosi Adas\u0131\",\"breadcrumb\":{\"@id\":\"https:\\\/\\\/www.silverbay.gr\\\/tr\\\/#breadcrumb\"},\"inLanguage\":\"el\",\"potentialAction\":[{\"@type\":\"ReadAction\",\"target\":[\"https:\\\/\\\/www.silverbay.gr\\\/tr\\\/\"]}]},{\"@type\":\"ImageObject\",\"inLanguage\":\"el\",\"@id\":\"https:\\\/\\\/www.silverbay.gr\\\/tr\\\/#primaryimage\",\"url\":\"https:\\\/\\\/www.silverbay.gr\\\/tr\\\/wp-content\\\/uploads\\\/2023\\\/08\\\/offer-tr4.jpg\",\"contentUrl\":\"https:\\\/\\\/www.silverbay.gr\\\/tr\\\/wp-content\\\/uploads\\\/2023\\\/08\\\/offer-tr4.jpg\",\"width\":575,\"height\":323},{\"@type\":\"BreadcrumbList\",\"@id\":\"https:\\\/\\\/www.silverbay.gr\\\/tr\\\/#breadcrumb\",\"itemListElement\":[{\"@type\":\"ListItem\",\"position\":1,\"name\":\"Home\",\"item\":\"https:\\\/\\\/www.silverbay.gr\\\/tr\\\/\"},{\"@type\":\"ListItem\",\"position\":2,\"name\":\"Mytilene&#8217;de bulunan Silver Bay Hotel&#8217;e Ho\u015f Geldiniz\"}]},{\"@type\":\"WebSite\",\"@id\":\"https:\\\/\\\/www.silverbay.gr\\\/tr\\\/#website\",\"url\":\"https:\\\/\\\/www.silverbay.gr\\\/tr\\\/\",\"name\":\"Silver Bay Hotel &amp; Bungalows, Mytilene Lesvos Greece | \u03be\u03b5\u03bd\u03bf\u03b4\u03bf\u03c7\u03b5\u03b9\u03bf \u039c\u03c5\u03c4\u03b9\u03bb\u03b7\u03bd\u03b7 lesvos hotel hotels | Silver Bay Otel ve Bungalov, Midilli Lesvos Yunanistan\",\"description\":\"Lesvos Hotels -Silver Bay Hotel &amp; Bungalows - Holidays and Vacations at Lesvos Aegean Hellas Greece | \u0391\u03c0\u03bf\u03bb\u03b1\u03cd\u03c3\u03c4\u03b5 \u03b4\u03b9\u03b1\u03ba\u03bf\u03c0\u03ad\u03c2 \u03c3\u03c4\u03b7\u03bd \u0395\u03bb\u03bb\u03ac\u03b4\u03b1 \u03c3\u03c4\u03bf \u039e\u03b5\u03bd\u03bf\u03b4\u03bf\u03c7\u03b5\u03af\u03bf Silver Bay \u03c3\u03c4\u03b7 \u039c\u03c5\u03c4\u03b9\u03bb\u03ae\u03bd\u03b7 \u039b\u03ad\u03c3\u03b2\u03bf\u03c2 | Midilli Otel Tatiller de Lesvos Ege Yunanistan Midilli Adas\u0131 Lesvos Adas\u0131 Lesbosi Adas\u0131\",\"potentialAction\":[{\"@type\":\"SearchAction\",\"target\":{\"@type\":\"EntryPoint\",\"urlTemplate\":\"https:\\\/\\\/www.silverbay.gr\\\/tr\\\/?s={search_term_string}\"},\"query-input\":{\"@type\":\"PropertyValueSpecification\",\"valueRequired\":true,\"valueName\":\"search_term_string\"}}],\"inLanguage\":\"el\"}]}<\/script>\n<!-- \/ Yoast SEO plugin. -->","yoast_head_json":{"title":"Mytilene'de bulunan Silver Bay Hotel'e Ho\u015f Geldiniz - Silver Bay Hotel &amp; Bungalows, Mytilene Lesvos Greece | \u03be\u03b5\u03bd\u03bf\u03b4\u03bf\u03c7\u03b5\u03b9\u03bf \u039c\u03c5\u03c4\u03b9\u03bb\u03b7\u03bd\u03b7 lesvos hotel hotels | Silver Bay Otel ve Bungalov, Midilli Lesvos Yunanistan","description":"Lesvos Hotels -Silver Bay Hotel & Bungalows - Holidays and Vacations at Lesvos Aegean Hellas Greece | \u0391\u03c0\u03bf\u03bb\u03b1\u03cd\u03c3\u03c4\u03b5 \u03b4\u03b9\u03b1\u03ba\u03bf\u03c0\u03ad\u03c2 \u03c3\u03c4\u03b7\u03bd \u0395\u03bb\u03bb\u03ac\u03b4\u03b1 \u03c3\u03c4\u03bf \u039e\u03b5\u03bd\u03bf\u03b4\u03bf\u03c7\u03b5\u03af\u03bf Silver Bay \u03c3\u03c4\u03b7 \u039c\u03c5\u03c4\u03b9\u03bb\u03ae\u03bd\u03b7 \u039b\u03ad\u03c3\u03b2\u03bf\u03c2 | Midilli Otel Tatiller de Lesvos Ege Yunanistan Midilli Adas\u0131 Lesvos Adas\u0131 Lesbosi Adas\u0131","robots":{"index":"index","follow":"follow","max-snippet":"max-snippet:-1","max-image-preview":"max-image-preview:large","max-video-preview":"max-video-preview:-1"},"canonical":"https:\/\/www.silverbay.gr\/tr\/","og_locale":"el_GR","og_type":"article","og_title":"Mytilene'de bulunan Silver Bay Hotel'e Ho\u015f Geldiniz - Silver Bay Hotel &amp; Bungalows, Mytilene Lesvos Greece | \u03be\u03b5\u03bd\u03bf\u03b4\u03bf\u03c7\u03b5\u03b9\u03bf \u039c\u03c5\u03c4\u03b9\u03bb\u03b7\u03bd\u03b7 lesvos hotel hotels | Silver Bay Otel ve Bungalov, Midilli Lesvos Yunanistan","og_description":"Lesvos Hotels -Silver Bay Hotel & Bungalows - Holidays and Vacations at Lesvos Aegean Hellas Greece | \u0391\u03c0\u03bf\u03bb\u03b1\u03cd\u03c3\u03c4\u03b5 \u03b4\u03b9\u03b1\u03ba\u03bf\u03c0\u03ad\u03c2 \u03c3\u03c4\u03b7\u03bd \u0395\u03bb\u03bb\u03ac\u03b4\u03b1 \u03c3\u03c4\u03bf \u039e\u03b5\u03bd\u03bf\u03b4\u03bf\u03c7\u03b5\u03af\u03bf Silver Bay \u03c3\u03c4\u03b7 \u039c\u03c5\u03c4\u03b9\u03bb\u03ae\u03bd\u03b7 \u039b\u03ad\u03c3\u03b2\u03bf\u03c2 | Midilli Otel Tatiller de Lesvos Ege Yunanistan Midilli Adas\u0131 Lesvos Adas\u0131 Lesbosi Adas\u0131","og_url":"https:\/\/www.silverbay.gr\/tr\/","og_site_name":"Silver Bay Hotel &amp; Bungalows, Mytilene Lesvos Greece | \u03be\u03b5\u03bd\u03bf\u03b4\u03bf\u03c7\u03b5\u03b9\u03bf \u039c\u03c5\u03c4\u03b9\u03bb\u03b7\u03bd\u03b7 lesvos hotel hotels | Silver Bay Otel ve Bungalov, Midilli Lesvos Yunanistan","article_modified_time":"2023-08-03T17:57:18+00:00","og_image":[{"url":"https:\/\/www.silverbay.gr\/tr\/wp-content\/uploads\/2023\/08\/offer-tr4.jpg","type":"","width":"","height":""}],"twitter_card":"summary_large_image","twitter_misc":{"\u0395\u03ba\u03c4\u03b9\u03bc\u03ce\u03bc\u03b5\u03bd\u03bf\u03c2 \u03c7\u03c1\u03cc\u03bd\u03bf\u03c2 \u03b1\u03bd\u03ac\u03b3\u03bd\u03c9\u03c3\u03b7\u03c2":"2 \u03bb\u03b5\u03c0\u03c4\u03ac"},"schema":{"@context":"https:\/\/schema.org","@graph":[{"@type":"WebPage","@id":"https:\/\/www.silverbay.gr\/tr\/","url":"https:\/\/www.silverbay.gr\/tr\/","name":"Mytilene'de bulunan Silver Bay Hotel'e Ho\u015f Geldiniz - Silver Bay Hotel &amp; Bungalows, Mytilene Lesvos Greece | \u03be\u03b5\u03bd\u03bf\u03b4\u03bf\u03c7\u03b5\u03b9\u03bf \u039c\u03c5\u03c4\u03b9\u03bb\u03b7\u03bd\u03b7 lesvos hotel hotels | Silver Bay Otel ve Bungalov, Midilli Lesvos Yunanistan","isPartOf":{"@id":"https:\/\/www.silverbay.gr\/tr\/#website"},"primaryImageOfPage":{"@id":"https:\/\/www.silverbay.gr\/tr\/#primaryimage"},"image":{"@id":"https:\/\/www.silverbay.gr\/tr\/#primaryimage"},"thumbnailUrl":"https:\/\/www.silverbay.gr\/tr\/wp-content\/uploads\/2023\/08\/offer-tr4.jpg","datePublished":"2017-06-17T16:53:43+00:00","dateModified":"2023-08-03T17:57:18+00:00","description":"Lesvos Hotels -Silver Bay Hotel & Bungalows - Holidays and Vacations at Lesvos Aegean Hellas Greece | \u0391\u03c0\u03bf\u03bb\u03b1\u03cd\u03c3\u03c4\u03b5 \u03b4\u03b9\u03b1\u03ba\u03bf\u03c0\u03ad\u03c2 \u03c3\u03c4\u03b7\u03bd \u0395\u03bb\u03bb\u03ac\u03b4\u03b1 \u03c3\u03c4\u03bf \u039e\u03b5\u03bd\u03bf\u03b4\u03bf\u03c7\u03b5\u03af\u03bf Silver Bay \u03c3\u03c4\u03b7 \u039c\u03c5\u03c4\u03b9\u03bb\u03ae\u03bd\u03b7 \u039b\u03ad\u03c3\u03b2\u03bf\u03c2 | Midilli Otel Tatiller de Lesvos Ege Yunanistan Midilli Adas\u0131 Lesvos Adas\u0131 Lesbosi Adas\u0131","breadcrumb":{"@id":"https:\/\/www.silverbay.gr\/tr\/#breadcrumb"},"inLanguage":"el","potentialAction":[{"@type":"ReadAction","target":["https:\/\/www.silverbay.gr\/tr\/"]}]},{"@type":"ImageObject","inLanguage":"el","@id":"https:\/\/www.silverbay.gr\/tr\/#primaryimage","url":"https:\/\/www.silverbay.gr\/tr\/wp-content\/uploads\/2023\/08\/offer-tr4.jpg","contentUrl":"https:\/\/www.silverbay.gr\/tr\/wp-content\/uploads\/2023\/08\/offer-tr4.jpg","width":575,"height":323},{"@type":"BreadcrumbList","@id":"https:\/\/www.silverbay.gr\/tr\/#breadcrumb","itemListElement":[{"@type":"ListItem","position":1,"name":"Home","item":"https:\/\/www.silverbay.gr\/tr\/"},{"@type":"ListItem","position":2,"name":"Mytilene&#8217;de bulunan Silver Bay Hotel&#8217;e Ho\u015f Geldiniz"}]},{"@type":"WebSite","@id":"https:\/\/www.silverbay.gr\/tr\/#website","url":"https:\/\/www.silverbay.gr\/tr\/","name":"Silver Bay Hotel &amp; Bungalows, Mytilene Lesvos Greece | \u03be\u03b5\u03bd\u03bf\u03b4\u03bf\u03c7\u03b5\u03b9\u03bf \u039c\u03c5\u03c4\u03b9\u03bb\u03b7\u03bd\u03b7 lesvos hotel hotels | Silver Bay Otel ve Bungalov, Midilli Lesvos Yunanistan","description":"Lesvos Hotels -Silver Bay Hotel &amp; Bungalows - Holidays and Vacations at Lesvos Aegean Hellas Greece | \u0391\u03c0\u03bf\u03bb\u03b1\u03cd\u03c3\u03c4\u03b5 \u03b4\u03b9\u03b1\u03ba\u03bf\u03c0\u03ad\u03c2 \u03c3\u03c4\u03b7\u03bd \u0395\u03bb\u03bb\u03ac\u03b4\u03b1 \u03c3\u03c4\u03bf \u039e\u03b5\u03bd\u03bf\u03b4\u03bf\u03c7\u03b5\u03af\u03bf Silver Bay \u03c3\u03c4\u03b7 \u039c\u03c5\u03c4\u03b9\u03bb\u03ae\u03bd\u03b7 \u039b\u03ad\u03c3\u03b2\u03bf\u03c2 | Midilli Otel Tatiller de Lesvos Ege Yunanistan Midilli Adas\u0131 Lesvos Adas\u0131 Lesbosi Adas\u0131","potentialAction":[{"@type":"SearchAction","target":{"@type":"EntryPoint","urlTemplate":"https:\/\/www.silverbay.gr\/tr\/?s={search_term_string}"},"query-input":{"@type":"PropertyValueSpecification","valueRequired":true,"valueName":"search_term_string"}}],"inLanguage":"el"}]}},"_links":{"self":[{"href":"https:\/\/www.silverbay.gr\/tr\/wp-json\/wp\/v2\/pages\/144","targetHints":{"allow":["GET"]}}],"collection":[{"href":"https:\/\/www.silverbay.gr\/tr\/wp-json\/wp\/v2\/pages"}],"about":[{"href":"https:\/\/www.silverbay.gr\/tr\/wp-json\/wp\/v2\/types\/page"}],"author":[{"embeddable":true,"href":"https:\/\/www.silverbay.gr\/tr\/wp-json\/wp\/v2\/users\/1"}],"replies":[{"embeddable":true,"href":"https:\/\/www.silverbay.gr\/tr\/wp-json\/wp\/v2\/comments?post=144"}],"version-history":[{"count":26,"href":"https:\/\/www.silverbay.gr\/tr\/wp-json\/wp\/v2\/pages\/144\/revisions"}],"predecessor-version":[{"id":370,"href":"https:\/\/www.silverbay.gr\/tr\/wp-json\/wp\/v2\/pages\/144\/revisions\/370"}],"wp:attachment":[{"href":"https:\/\/www.silverbay.gr\/tr\/wp-json\/wp\/v2\/media?parent=144"}],"curies":[{"name":"wp","href":"https:\/\/api.w.org\/{rel}","templated":true}]}}